{"id":140,"date":"2024-07-02T10:40:09","date_gmt":"2024-07-02T08:40:09","guid":{"rendered":"https:\/\/airmousse.com\/?page_id=140"},"modified":"2024-07-04T10:33:14","modified_gmt":"2024-07-04T08:33:14","slug":"faq","status":"publish","type":"page","link":"https:\/\/airmousse.com\/sv\/kundtjanst\/faq\/","title":{"rendered":"FAQ"},"content":{"rendered":"\n<section class=\"qt-section container-s\"><div class=\"qt-section__inner grid grid-col-1\">\n<div class=\"qt-container\">\n<h1 class=\"wp-block-heading\">FAQ &#8211; Vanliga fr\u00e5gor och svar<\/h1>\n\n\n\n        <div class=\"wp-block-buttons\">\n            <div class=\"wp-block-button is-style-secondary \">\n                    <a href=\"https:\/\/airmousse.com\/sv\/kundtjanst\/\" class=\"wp-block-button__link\">Kontakta oss<\/a>\n                <\/div>\n                            <div class=\"wp-block-button is-style-secondary is-active\">\n                    <a href=\"https:\/\/airmousse.com\/sv\/kundtjanst\/faq\/\" class=\"wp-block-button__link\">FAQ<\/a>\n                <\/div>\n                            <div class=\"wp-block-button is-style-secondary \">\n                    <a href=\"https:\/\/airmousse.com\/sv\/kundtjanst\/integritetspolicy\/\" class=\"wp-block-button__link\">Integritetspolicy<\/a>\n                <\/div>\n                            <div class=\"wp-block-button is-style-secondary \">\n                    <a href=\"https:\/\/airmousse.com\/sv\/kundtjanst\/kopvillkor\/\" class=\"wp-block-button__link\">K\u00f6pvillkor<\/a>\n                <\/div>\n                            <div class=\"wp-block-button is-style-secondary \">\n                    <a href=\"https:\/\/airmousse.com\/sv\/kundtjanst\/pick-the-right-mousse-for-your-bike-tire-fitment-guide-airmousse\/\" class=\"wp-block-button__link\">Mousse Maximizer Chart<\/a>\n                <\/div>\n                            <div class=\"wp-block-button is-style-secondary \">\n                    <a href=\"https:\/\/airmousse.com\/sv\/kundtjanst\/youtube\/\" class=\"wp-block-button__link\">YouTube-videos<\/a>\n                <\/div>\n                    <\/div>\n    \n<\/div>\n<\/div><\/section>\n\n\n\n<section class=\"qt-section container-s\"><div class=\"qt-section__inner grid grid-col-1\">\n<div class=\"qt-container\">\n<h2 class=\"wp-block-heading\">F\u00f6rdelar<\/h2>\n<\/div>\n\n\n\n<div class=\"qt-container\">    <div class=\"faq\">\n            <div class=\"accordion-item\">\n            <div class=\"accordion-heading\">\n                <h2>Vilka f\u00f6rdelar finns det med att anv\u00e4nda Airmousse?<\/h2>\n                <span class=\"accordion-icon\">\n                    <span class=\"accordion-icon-inner\">\n                        <img src=\"https:\/\/airmousse.com\/wp-content\/themes\/qase-woo\/assets\/images\/caret.svg\" alt=\"Downward-facing arrow\">\n                    <\/span>\n                <\/span>\n            <\/div>\n            <div class=\"accordion-content\">\n                <div class=\"accordion-content-inner\">\n                    <ul>\n<li>Beh\u00f6ver ingen ink\u00f6rningsperiod.<\/li>\n<li>Airmousse finns i ett brett utbud av storlekar och h\u00e5rdheter &#8211; Vi har en produkt f\u00f6r alla.<\/li>\n<li>Materialet med unika f\u00f6rdelar ger Airmousse en mycket mjukare pneumatisk (luft) k\u00e4nsla och eliminerar den &#8221;d\u00f6da k\u00e4nslan&#8221;. Det ger dig en mycket mer levande, l\u00e4ttare och greppf\u00f6rb\u00e4ttrande k\u00e4nsla fr\u00e5n f\u00f6rsta sv\u00e4ngen.<\/li>\n<li>Formulan ger moussen en t\u00e5lighet mot st\u00f6tar och p\u00e5 s\u00e5 s\u00e4tt en \u00f6kad st\u00f6td\u00e4mpning.<\/li>\n<li>Produktutvecklingen har skett tillsammans med professionella f\u00f6rare och otaliga timmar av testk\u00f6rning av produkterna.<\/li>\n<li>L\u00e5ng h\u00e5llbarhet!<\/li>\n<li>Med Airmousse kommer du aldrig att f\u00e5 punktering!<\/li>\n<\/ul>\n                <\/div>\n            <\/div>\n        <\/div>\n                <div class=\"accordion-item\">\n            <div class=\"accordion-heading\">\n                <h2>Vilka f\u00f6rdelar har man av att anv\u00e4nda Airmousse j\u00e4mf\u00f6rt med andra m\u00e4rken?<\/h2>\n                <span class=\"accordion-icon\">\n                    <span class=\"accordion-icon-inner\">\n                        <img src=\"https:\/\/airmousse.com\/wp-content\/themes\/qase-woo\/assets\/images\/caret.svg\" alt=\"Downward-facing arrow\">\n                    <\/span>\n                <\/span>\n            <\/div>\n            <div class=\"accordion-content\">\n                <div class=\"accordion-content-inner\">\n                    <p>Enduro-moussen \u00e4r mjukare fr\u00e5n b\u00f6rjan \u00e4n andra mousser. Ungef\u00e4r 0,6 bar\/9 psi \u00e4r det ekvivalenta trycket f\u00f6r en slang. Med tiden kommer enduro-moussen att bli mjukare. Efter cirka 50 timmars k\u00f6rning kommer den bakre Enduro-moussen att b\u00f6rja bli mjukare vid anv\u00e4ndning i racingf\u00f6rh\u00e5llanden. Den kommer att sjunka till cirka 0,5 bar\/7 psi. Rapporter fr\u00e5n topp Enduro-f\u00f6rare s\u00e4ger att de upplever en b\u00e4ttre k\u00e4nsla och l\u00e4ngre livsl\u00e4ngd med Airmousse \u00e4n m\u00e5nga andra mousser p\u00e5 marknaden. Enduro-mousserna \u00e4r mycket mjukare direkt ur l\u00e5dan \u00e4n n\u00e5got annat m\u00e4rke vi har j\u00e4mf\u00f6rt med.<\/p>\n                <\/div>\n            <\/div>\n        <\/div>\n            <\/div>\n\n    <\/div>\n<\/div><\/section>\n\n\n\n<section class=\"qt-section container-s\"><div class=\"qt-section__inner grid grid-col-1\">\n<div class=\"qt-container\">\n<h2 class=\"wp-block-heading\">Storlekar<\/h2>\n<\/div>\n\n\n\n<div class=\"qt-container\">    <div class=\"faq\">\n            <div class=\"accordion-item\">\n            <div class=\"accordion-heading\">\n                <h2>Vilka storlekar passar mina d\u00e4ck?<\/h2>\n                <span class=\"accordion-icon\">\n                    <span class=\"accordion-icon-inner\">\n                        <img src=\"https:\/\/airmousse.com\/wp-content\/themes\/qase-woo\/assets\/images\/caret.svg\" alt=\"Downward-facing arrow\">\n                    <\/span>\n                <\/span>\n            <\/div>\n            <div class=\"accordion-content\">\n                <div class=\"accordion-content-inner\">\n                    <p>Kolla in <a href=\"https:\/\/airmousse.com\/sv\/kundtjanst\/pick-the-right-mousse-for-your-bike-tire-fitment-guide-airmousse\/\">Mousse Maximizer Chart<\/a>.<\/p>\n                <\/div>\n            <\/div>\n        <\/div>\n                <div class=\"accordion-item\">\n            <div class=\"accordion-heading\">\n                <h2>Vilken storlek passar min cykel?<\/h2>\n                <span class=\"accordion-icon\">\n                    <span class=\"accordion-icon-inner\">\n                        <img src=\"https:\/\/airmousse.com\/wp-content\/themes\/qase-woo\/assets\/images\/caret.svg\" alt=\"Downward-facing arrow\">\n                    <\/span>\n                <\/span>\n            <\/div>\n            <div class=\"accordion-content\">\n                <div class=\"accordion-content-inner\">\n                    <p>Anv\u00e4nd The <a href=\"https:\/\/airmousse.com\/sv\/kundtjanst\/pick-the-right-mousse-for-your-bike-tire-fitment-guide-airmousse\/\">Mousse Maximizer Chart<\/a> f\u00f6r att se till att du v\u00e4ljer r\u00e4tt storlek.<\/p>\n<p>Om du inte hittar din modell, kontakta oss p\u00e5 info@airmousse.com s\u00e5 hj\u00e4lper vi dig att hitta den perfekta matchningen!<\/p>\n<p>Vi arbetar st\u00e4ndigt med att utveckla v\u00e5r d\u00e4ckguide. Om du har anv\u00e4nt en Airmousse framg\u00e5ngsrikt p\u00e5 en d\u00e4ckmodell som inte finns med i v\u00e5r Tire Fitment Chart, ber\u00e4tta g\u00e4rna f\u00f6r oss!<\/p>\n                <\/div>\n            <\/div>\n        <\/div>\n                <div class=\"accordion-item\">\n            <div class=\"accordion-heading\">\n                <h2> Fungerar olika d\u00e4ckm\u00e4rken olika med moussen?<\/h2>\n                <span class=\"accordion-icon\">\n                    <span class=\"accordion-icon-inner\">\n                        <img src=\"https:\/\/airmousse.com\/wp-content\/themes\/qase-woo\/assets\/images\/caret.svg\" alt=\"Downward-facing arrow\">\n                    <\/span>\n                <\/span>\n            <\/div>\n            <div class=\"accordion-content\">\n                <div class=\"accordion-content-inner\">\n                    <p>Ja, det \u00e4r en stor skillnad mellan vissa m\u00e4rken! Skillnaden \u00e4r hur stor d\u00e4cket \u00e4r inuti.<\/p>\n<p>Till exempel \u00e4r m\u00e4rke XX 110-100-18 ganska stort inuti, och du kommer att beh\u00f6va en Airmousse-storlek 140-80-18 f\u00f6r b\u00e4sta passform.<\/p>\n<p>J\u00e4mf\u00f6rt med m\u00e4rke XX C16 110-100-18, som \u00e4r mindre inuti, kommer du att beh\u00f6va en Airmousse-storlek 120-90-18.<\/p>\n<p>Anv\u00e4nd The <a href=\" https:\/\/airmousse.com\/sv\/pick-the-right-mousse-for-your-bike-tire-fitment-guide-airmousse\/\">Mousse Maximizer Chart<\/a> f\u00f6r att s\u00e4kerhetsst\u00e4lla att du v\u00e4ljer r\u00e4tt storlek p\u00e5 dina Airmousse.<\/p>\n<p>Om du inte hittar din modell, kontakta oss p\u00e5 info@airmousse.com s\u00e5 hj\u00e4lper vi dig att hitta den perfekta matchningen!<\/p>\n                <\/div>\n            <\/div>\n        <\/div>\n            <\/div>\n\n    <\/div>\n<\/div><\/section>\n\n\n\n<section class=\"qt-section container-s\"><div class=\"qt-section__inner grid grid-col-1\">\n<div class=\"qt-container\">\n<h2 class=\"wp-block-heading\">Teknisk information<\/h2>\n<\/div>\n\n\n\n<div class=\"qt-container\">    <div class=\"faq\">\n            <div class=\"accordion-item\">\n            <div class=\"accordion-heading\">\n                <h2>Under hur m\u00e5nga timmar kan man anv\u00e4nda en mousse fr\u00e5n Airmousse?<\/h2>\n                <span class=\"accordion-icon\">\n                    <span class=\"accordion-icon-inner\">\n                        <img src=\"https:\/\/airmousse.com\/wp-content\/themes\/qase-woo\/assets\/images\/caret.svg\" alt=\"Downward-facing arrow\">\n                    <\/span>\n                <\/span>\n            <\/div>\n            <div class=\"accordion-content\">\n                <div class=\"accordion-content-inner\">\n                    <p>Det beror p\u00e5 olika kriterier:<\/p>\n<ul>\n<li>Vilken mousse du anv\u00e4nder. En mjukare mousse har n\u00e5got kortare livsl\u00e4ngd \u00e4n en mousse med h\u00f6gre bar\/psi.<\/li>\n<li>Racingf\u00f6rh\u00e5llanden. Mycket tuffa racingf\u00f6rh\u00e5llanden, h\u00f6g hastighet och v\u00e4rme kommer att f\u00f6rkorta livsl\u00e4ngden p\u00e5 moussen.<\/li>\n<li>Det \u00e4r mycket viktigt att f\u00e5 r\u00e4tt storlek p\u00e5 moussen f\u00f6r dina d\u00e4ck. Se\u00a0<a href=\"https:\/\/airmousse.com\/sv\/pick-the-right-mousse-for-your-bike-tire-fitment-guide-airmousse\/\">Mousse Maximizer Guiden<\/a>\u00a0f\u00f6r att se till att du f\u00e5r r\u00e4tt storlek.<\/li>\n<li>Det \u00e4r viktigt att f\u00f6lja instruktionerna f\u00f6r installation av moussen. Det \u00e4r ocks\u00e5 mycket viktigt att anv\u00e4nda silikongelen som ing\u00e5r i din order &#8211; eller som kan k\u00f6pas separat i v\u00e5r butik. Med j\u00e4mna mellanrum, l\u00e4gg till mer silikongel p\u00e5 d\u00e4cken n\u00e4r du k\u00f6r.<\/li>\n<\/ul>\n                <\/div>\n            <\/div>\n        <\/div>\n                <div class=\"accordion-item\">\n            <div class=\"accordion-heading\">\n                <h2>Hur mycket v\u00e4ger en Airmousse?<\/h2>\n                <span class=\"accordion-icon\">\n                    <span class=\"accordion-icon-inner\">\n                        <img src=\"https:\/\/airmousse.com\/wp-content\/themes\/qase-woo\/assets\/images\/caret.svg\" alt=\"Downward-facing arrow\">\n                    <\/span>\n                <\/span>\n            <\/div>\n            <div class=\"accordion-content\">\n                <div class=\"accordion-content-inner\">\n                    <p>Vikten samarbetar med antalet k\u00f6rtimmar, en l\u00e4ttare mousse har kortare livsl\u00e4ngd j\u00e4mf\u00f6rt med en tyngre mousse.<\/p>\n<p>Moussarna v\u00e4ger mellan 650-2300 gram.<\/p>\n                <\/div>\n            <\/div>\n        <\/div>\n            <\/div>\n\n    <\/div>\n<\/div><\/section>\n\n\n\n<section class=\"qt-section container-s\"><div class=\"qt-section__inner grid grid-col-1\">\n<div class=\"qt-container\">\n<h2 class=\"wp-block-heading\">K\u00f6p<\/h2>\n<\/div>\n\n\n\n<div class=\"qt-container\">    <div class=\"faq\">\n            <div class=\"accordion-item\">\n            <div class=\"accordion-heading\">\n                <h2>Var kan man k\u00f6pa Airmousse?<\/h2>\n                <span class=\"accordion-icon\">\n                    <span class=\"accordion-icon-inner\">\n                        <img src=\"https:\/\/airmousse.com\/wp-content\/themes\/qase-woo\/assets\/images\/caret.svg\" alt=\"Downward-facing arrow\">\n                    <\/span>\n                <\/span>\n            <\/div>\n            <div class=\"accordion-content\">\n                <div class=\"accordion-content-inner\">\n                    <div class=\"panel\">\n<p>P\u00e5 airmousse.com\/sv eller via auktoriserade \u00e5terf\u00f6rs\u00e4ljare.<\/p>\n<\/div>\n                <\/div>\n            <\/div>\n        <\/div>\n            <\/div>\n\n    <\/div>\n<\/div><\/section>\n\n\n\n<section class=\"qt-section container-s\"><div class=\"qt-section__inner grid grid-col-1\">\n<div class=\"qt-container\">\n<h2 class=\"wp-block-heading\">Underh\u00e5ll och anv\u00e4ndning<\/h2>\n<\/div>\n\n\n\n<div class=\"qt-container\">    <div class=\"faq\">\n            <div class=\"accordion-item\">\n            <div class=\"accordion-heading\">\n                <h2>Kan jag anv\u00e4nda Airmousse f\u00f6r Dual Sport Riding?<\/h2>\n                <span class=\"accordion-icon\">\n                    <span class=\"accordion-icon-inner\">\n                        <img src=\"https:\/\/airmousse.com\/wp-content\/themes\/qase-woo\/assets\/images\/caret.svg\" alt=\"Downward-facing arrow\">\n                    <\/span>\n                <\/span>\n            <\/div>\n            <div class=\"accordion-content\">\n                <div class=\"accordion-content-inner\">\n                    <p>Ja! F\u00f6r dual sport\u00e5kning rekommenderar vi att anv\u00e4nda HD eller Rally-moussen.<\/p>\n                <\/div>\n            <\/div>\n        <\/div>\n                <div class=\"accordion-item\">\n            <div class=\"accordion-heading\">\n                <h2>Vilka \u00e4r skillnaderna mellan mousserna? Enduro, MX, L\u00e4ttviktsprestanda och s\u00e5 vidare?<\/h2>\n                <span class=\"accordion-icon\">\n                    <span class=\"accordion-icon-inner\">\n                        <img src=\"https:\/\/airmousse.com\/wp-content\/themes\/qase-woo\/assets\/images\/caret.svg\" alt=\"Downward-facing arrow\">\n                    <\/span>\n                <\/span>\n            <\/div>\n            <div class=\"accordion-content\">\n                <div class=\"accordion-content-inner\">\n                    <p>Kolla in v\u00e5r <a href=\"https:\/\/airmousse.com\/en\/youtube\">Youtubekanal och videoguider<\/a> d\u00e4r vi pratar om skillnaderna mellan mousserna.<\/p>\n                <\/div>\n            <\/div>\n        <\/div>\n                <div class=\"accordion-item\">\n            <div class=\"accordion-heading\">\n                <h2>N\u00e4r \u00e4r det dags att byta mousse?<\/h2>\n                <span class=\"accordion-icon\">\n                    <span class=\"accordion-icon-inner\">\n                        <img src=\"https:\/\/airmousse.com\/wp-content\/themes\/qase-woo\/assets\/images\/caret.svg\" alt=\"Downward-facing arrow\">\n                    <\/span>\n                <\/span>\n            <\/div>\n            <div class=\"accordion-content\">\n                <div class=\"accordion-content-inner\">\n                    <div>\n<p>Av s\u00e4kerhetssk\u00e4l \u00e4r det viktigt att byta moussen innan den blir f\u00f6r mjuk och instabil f\u00f6r en s\u00e4ker k\u00f6rning. Du kommer att uppleva en f\u00f6rsvagad motst\u00e5ndskraft mot st\u00f6tar n\u00e4r moussen slits.<\/p>\n<p>N\u00e4r moussen tar form av ett p\u00e4ron \u00e4r det dags f\u00f6r byte.<\/p>\n<\/div>\n                <\/div>\n            <\/div>\n        <\/div>\n                <div class=\"accordion-item\">\n            <div class=\"accordion-heading\">\n                <h2>Vad \u00e4r viktigt att t\u00e4nka p\u00e5 vid f\u00f6rvaring av Airmousse?<\/h2>\n                <span class=\"accordion-icon\">\n                    <span class=\"accordion-icon-inner\">\n                        <img src=\"https:\/\/airmousse.com\/wp-content\/themes\/qase-woo\/assets\/images\/caret.svg\" alt=\"Downward-facing arrow\">\n                    <\/span>\n                <\/span>\n            <\/div>\n            <div class=\"accordion-content\">\n                <div class=\"accordion-content-inner\">\n                    <p>Airmousse ska inte f\u00f6rvaras under l\u00e5ng tid i temperaturer \u00f6ver 30\u00b0C och det \u00e4r b\u00e4st att undvika temperaturer \u00f6ver 40\u00b0C helt. H\u00e5ll moussen borta fr\u00e5n direkt solljus.<\/p>\n                <\/div>\n            <\/div>\n        <\/div>\n                <div class=\"accordion-item\">\n            <div class=\"accordion-heading\">\n                <h2>Beh\u00f6ver Airmousse en ink\u00f6rningsperiod?<\/h2>\n                <span class=\"accordion-icon\">\n                    <span class=\"accordion-icon-inner\">\n                        <img src=\"https:\/\/airmousse.com\/wp-content\/themes\/qase-woo\/assets\/images\/caret.svg\" alt=\"Downward-facing arrow\">\n                    <\/span>\n                <\/span>\n            <\/div>\n            <div class=\"accordion-content\">\n                <div class=\"accordion-content-inner\">\n                    <p>Nej, Airmousse beh\u00f6ver ingen ink\u00f6rningsperiod som m\u00e5nga andra standardmousser.<\/p>\n                <\/div>\n            <\/div>\n        <\/div>\n                <div class=\"accordion-item\">\n            <div class=\"accordion-heading\">\n                <h2>F\u00f6r vem \u00e4r Airmousse l\u00e4mplig?<\/h2>\n                <span class=\"accordion-icon\">\n                    <span class=\"accordion-icon-inner\">\n                        <img src=\"https:\/\/airmousse.com\/wp-content\/themes\/qase-woo\/assets\/images\/caret.svg\" alt=\"Downward-facing arrow\">\n                    <\/span>\n                <\/span>\n            <\/div>\n            <div class=\"accordion-content\">\n                <div class=\"accordion-content-inner\">\n                    <p>Airmousse kan anv\u00e4ndas av alla terr\u00e4ngf\u00f6rare som vill eliminera risken f\u00f6r att f\u00e5 punktering.<\/p>\n                <\/div>\n            <\/div>\n        <\/div>\n                <div class=\"accordion-item\">\n            <div class=\"accordion-heading\">\n                <h2>N\u00e4r ska man inte anv\u00e4nda Airmousse?<\/h2>\n                <span class=\"accordion-icon\">\n                    <span class=\"accordion-icon-inner\">\n                        <img src=\"https:\/\/airmousse.com\/wp-content\/themes\/qase-woo\/assets\/images\/caret.svg\" alt=\"Downward-facing arrow\">\n                    <\/span>\n                <\/span>\n            <\/div>\n            <div class=\"accordion-content\">\n                <div class=\"accordion-content-inner\">\n                    <div>\n<ul>\n<li>Airmousse \u00e4r endast f\u00f6r off-road-bruk.<\/li>\n<li>Anv\u00e4nd inte Airmousse i hastigheter \u00f6ver 75 mph (120 km\/h), eftersom det kommer att leda till f\u00f6r tidig slitage.<\/li>\n<\/ul>\n<\/div>\n                <\/div>\n            <\/div>\n        <\/div>\n            <\/div>\n\n    <\/div>\n<\/div><\/section>\n\n\n\n<section class=\"qt-section container-s\"><div class=\"qt-section__inner grid grid-col-1\">\n<div class=\"qt-container\">\n<h2 class=\"wp-block-heading\">Installation<\/h2>\n<\/div>\n\n\n\n<div class=\"qt-container\">    <div class=\"faq\">\n            <div class=\"accordion-item\">\n            <div class=\"accordion-heading\">\n                <h2>Vad \u00e4r viktigt att t\u00e4nka p\u00e5 vid installation av en mousse?<\/h2>\n                <span class=\"accordion-icon\">\n                    <span class=\"accordion-icon-inner\">\n                        <img src=\"https:\/\/airmousse.com\/wp-content\/themes\/qase-woo\/assets\/images\/caret.svg\" alt=\"Downward-facing arrow\">\n                    <\/span>\n                <\/span>\n            <\/div>\n            <div class=\"accordion-content\">\n                <div class=\"accordion-content-inner\">\n                    <p>Kolla in v\u00e5r enkla att f\u00f6lja-guide d\u00e4r vi tar dig steg f\u00f6r steg genom installationen. Guiden inkluderar b\u00e5de l\u00e4smaterial och videoinstruktioner. Du hittar\u00a0<a href=\"https:\/\/airmousse.com\/sv\/how-to-change-mousse-guide-airmousse\/\">Installationsguiden h\u00e4r.<\/a><\/p>\n                <\/div>\n            <\/div>\n        <\/div>\n                <div class=\"accordion-item\">\n            <div class=\"accordion-heading\">\n                <h2>Vad \u00e4r silikongel till f\u00f6r och hur anv\u00e4nder jag det p\u00e5 r\u00e4tt s\u00e4tt?<\/h2>\n                <span class=\"accordion-icon\">\n                    <span class=\"accordion-icon-inner\">\n                        <img src=\"https:\/\/airmousse.com\/wp-content\/themes\/qase-woo\/assets\/images\/caret.svg\" alt=\"Downward-facing arrow\">\n                    <\/span>\n                <\/span>\n            <\/div>\n            <div class=\"accordion-content\">\n                <div class=\"accordion-content-inner\">\n                    <p>Det \u00e4r mycket viktigt att anv\u00e4nda silikongel vid installation av en mousse.<\/p>\n<p>Gelen f\u00f6rhindrar friktion mellan moussen och d\u00e4ckv\u00e4ggarna. Friktion kommer att skapa v\u00e4rme vilket f\u00f6rkortar livsl\u00e4ngden p\u00e5 moussen.<\/p>\n<p>Alla mousser inkluderar en f\u00f6rpackning med 85-100 g gel. Anv\u00e4nd allt sm\u00f6rjmedel n\u00e4r du installerar Airmousse. Applicera h\u00e4lften av tuben inne i d\u00e4cket och den andra halvan p\u00e5 utsidan av moussen. F\u00f6r fler installations tips och tricks, kolla in v\u00e5r instruktionsvideo f\u00f6r installation h\u00e4r \u2013\u00a0<a href=\"https:\/\/airmousse.com\/sv\/how-to-change-mousse-guide-airmousse\/\">Installationsguide<\/a>.<\/p>\n                <\/div>\n            <\/div>\n        <\/div>\n            <\/div>\n\n    <\/div>\n<\/div><\/section>\n","protected":false},"excerpt":{"rendered":"","protected":false},"author":1,"featured_media":0,"parent":74,"menu_order":0,"comment_status":"closed","ping_status":"closed","template":"","meta":{"_acf_changed":false,"footnotes":""},"class_list":["post-140","page","type-page","status-publish","hentry"],"acf":[],"_links":{"self":[{"href":"https:\/\/airmousse.com\/sv\/wp-json\/wp\/v2\/pages\/140","targetHints":{"allow":["GET"]}}],"collection":[{"href":"https:\/\/airmousse.com\/sv\/wp-json\/wp\/v2\/pages"}],"about":[{"href":"https:\/\/airmousse.com\/sv\/wp-json\/wp\/v2\/types\/page"}],"author":[{"embeddable":true,"href":"https:\/\/airmousse.com\/sv\/wp-json\/wp\/v2\/users\/1"}],"replies":[{"embeddable":true,"href":"https:\/\/airmousse.com\/sv\/wp-json\/wp\/v2\/comments?post=140"}],"version-history":[{"count":0,"href":"https:\/\/airmousse.com\/sv\/wp-json\/wp\/v2\/pages\/140\/revisions"}],"up":[{"embeddable":true,"href":"https:\/\/airmousse.com\/sv\/wp-json\/wp\/v2\/pages\/74"}],"wp:attachment":[{"href":"https:\/\/airmousse.com\/sv\/wp-json\/wp\/v2\/media?parent=140"}],"curies":[{"name":"wp","href":"https:\/\/api.w.org\/{rel}","templated":true}]}}