{"id":146,"date":"2024-07-02T10:41:37","date_gmt":"2024-07-02T08:41:37","guid":{"rendered":"https:\/\/airmousse.com\/?page_id=146"},"modified":"2024-08-27T14:13:03","modified_gmt":"2024-08-27T12:13:03","slug":"pick-the-right-mousse-for-your-bike-tire-fitment-guide-airmousse","status":"publish","type":"page","link":"https:\/\/airmousse.com\/sv\/kundtjanst\/pick-the-right-mousse-for-your-bike-tire-fitment-guide-airmousse\/","title":{"rendered":"Mousse Maximizer Chart"},"content":{"rendered":"\n<section class=\"qt-section container-s\"><div class=\"qt-section__inner grid grid-col-1\">\n<div class=\"qt-container\">\n<h1 class=\"wp-block-heading\">Mousse Maximizer Chart<\/h1>\n\n\n\n        <div class=\"wp-block-buttons\">\n            <div class=\"wp-block-button is-style-secondary \">\n                    <a href=\"https:\/\/airmousse.com\/sv\/kundtjanst\/\" class=\"wp-block-button__link\">Kontakta oss<\/a>\n                <\/div>\n                            <div class=\"wp-block-button is-style-secondary \">\n                    <a href=\"https:\/\/airmousse.com\/sv\/kundtjanst\/faq\/\" class=\"wp-block-button__link\">FAQ<\/a>\n                <\/div>\n                            <div class=\"wp-block-button is-style-secondary \">\n                    <a href=\"https:\/\/airmousse.com\/sv\/kundtjanst\/integritetspolicy\/\" class=\"wp-block-button__link\">Integritetspolicy<\/a>\n                <\/div>\n                            <div class=\"wp-block-button is-style-secondary \">\n                    <a href=\"https:\/\/airmousse.com\/sv\/kundtjanst\/kopvillkor\/\" class=\"wp-block-button__link\">K\u00f6pvillkor<\/a>\n                <\/div>\n                            <div class=\"wp-block-button is-style-secondary is-active\">\n                    <a href=\"https:\/\/airmousse.com\/sv\/kundtjanst\/pick-the-right-mousse-for-your-bike-tire-fitment-guide-airmousse\/\" class=\"wp-block-button__link\">Mousse Maximizer Chart<\/a>\n                <\/div>\n                            <div class=\"wp-block-button is-style-secondary \">\n                    <a href=\"https:\/\/airmousse.com\/sv\/kundtjanst\/youtube\/\" class=\"wp-block-button__link\">YouTube-videos<\/a>\n                <\/div>\n                    <\/div>\n    \n<\/div>\n<\/div><\/section>\n\n\n\n<section class=\"qt-section container-s\"><div class=\"qt-section__inner grid grid-col-1\">\n<div class=\"qt-container\">\n<figure class=\"wp-block-image size-3-2-medium is-resized\"><img loading=\"lazy\" width=\"592\" height=\"400\" src=\"https:\/\/airmousse.com\/wp-content\/uploads\/2024\/07\/airmousse-mousse-maximizer-chart-592x400.jpg\" alt=\"Mousse maximizer chart\n\" class=\"wp-image-483\" style=\"aspect-ratio:1.5;object-fit:cover;width:840px;height:auto\" srcset=\"https:\/\/airmousse.com\/wp-content\/uploads\/2024\/07\/airmousse-mousse-maximizer-chart-592x400.jpg 592w, https:\/\/airmousse.com\/wp-content\/uploads\/2024\/07\/airmousse-mousse-maximizer-chart-800x541.jpg 800w, https:\/\/airmousse.com\/wp-content\/uploads\/2024\/07\/airmousse-mousse-maximizer-chart-768x519.jpg 768w, https:\/\/airmousse.com\/wp-content\/uploads\/2024\/07\/airmousse-mousse-maximizer-chart-200x135.jpg 200w, https:\/\/airmousse.com\/wp-content\/uploads\/2024\/07\/airmousse-mousse-maximizer-chart-147x99.jpg 147w, https:\/\/airmousse.com\/wp-content\/uploads\/2024\/07\/airmousse-mousse-maximizer-chart-285x193.jpg 285w, https:\/\/airmousse.com\/wp-content\/uploads\/2024\/07\/airmousse-mousse-maximizer-chart-588x397.jpg 588w, https:\/\/airmousse.com\/wp-content\/uploads\/2024\/07\/airmousse-mousse-maximizer-chart-462x312.jpg 462w, https:\/\/airmousse.com\/wp-content\/uploads\/2024\/07\/airmousse-mousse-maximizer-chart-679x459.jpg 679w, https:\/\/airmousse.com\/wp-content\/uploads\/2024\/07\/airmousse-mousse-maximizer-chart-447x302.jpg 447w, https:\/\/airmousse.com\/wp-content\/uploads\/2024\/07\/airmousse-mousse-maximizer-chart-283x191.jpg 283w, https:\/\/airmousse.com\/wp-content\/uploads\/2024\/07\/airmousse-mousse-maximizer-chart-288x195.jpg 288w, https:\/\/airmousse.com\/wp-content\/uploads\/2024\/07\/airmousse-mousse-maximizer-chart-676x457.jpg 676w, https:\/\/airmousse.com\/wp-content\/uploads\/2024\/07\/airmousse-mousse-maximizer-chart.jpg 1200w\" sizes=\"auto, (max-width: 592px) 100vw, 592px\" \/><\/figure>\n\n\n\n<h2 class=\"wp-block-heading\">Optimera ditt \u00e5kande med v\u00e5r Mousse Maximizer Chart<\/h2>\n\n\n\n<p>Att maximera din k\u00f6rupplevelse kr\u00e4ver inte bara skicklighet bakom styret utan ocks\u00e5 att du v\u00e4ljer r\u00e4tt utrustning f\u00f6r ditt \u00e4ventyr. Med v\u00e5rt innovativa verktyg, Mousse Maximizer Chart, g\u00f6r vi det enklare \u00e4n n\u00e5gonsin att v\u00e4lja r\u00e4tt mousse f\u00f6r din motorcykel och d\u00e4rigenom optimera ditt \u00e5kande.<\/p>\n\n\n\n<div class=\"wp-block-buttons is-layout-flex wp-block-buttons-is-layout-flex\">\n<div class=\"wp-block-button\"><a class=\"wp-block-button__link wp-element-button\" href=\"https:\/\/airmousse.com\/wp-content\/uploads\/2024\/07\/Tire-Fitment-Chart-WEB-version-2024-03-07.pdf\" target=\"_blank\" rel=\"noreferrer noopener\">Mousse Maximizer Chart<\/a><\/div>\n<\/div>\n\n\n\n<h2 class=\"wp-block-heading\">Vad \u00e4r en Mousse Maximizer Chart?<\/h2>\n\n\n\n<p>V\u00e5r <a href=\"https:\/\/airmousse.com\/wp-content\/uploads\/2024\/07\/Tire-Fitment-Chart-WEB-version-2024-03-07.pdf\" target=\"_blank\" rel=\"noreferrer noopener\">Mousse Maximizer Chart<\/a> \u00e4r en omfattande storleksguide som matchar din hoj med den perfekta moussen. Moussen \u00e4r avg\u00f6rande f\u00f6r att absorbera st\u00f6tar och ge dig den kontroll du beh\u00f6ver under varje k\u00f6rning. Genom att <a href=\"https:\/\/airmousse.com\/wp-content\/uploads\/2024\/07\/Tire-Fitment-Chart-WEB-version-2024-03-07.pdf\" target=\"_blank\" rel=\"noreferrer noopener\">anv\u00e4nda v\u00e5r guide<\/a> kan du snabbt och enkelt identifiera den mest l\u00e4mpliga moussetypen f\u00f6r din motorcykel och dina k\u00f6rf\u00f6rh\u00e5llanden.<\/p>\n\n\n\n<h2 class=\"wp-block-heading\">F\u00f6rdelarna med r\u00e4tt mousse<\/h2>\n\n\n\n<p>Att anv\u00e4nda r\u00e4tt mousse f\u00f6r din motorcykel \u00e4r nyckeln till att maximera b\u00e5de prestanda och komfort. En f\u00f6r tung eller f\u00f6r l\u00e4tt mousse kan p\u00e5verka din motorcykels hantering och respons p\u00e5 olika terr\u00e4nger. Genom att anv\u00e4nda v\u00e5r <a href=\"https:\/\/airmousse.com\/wp-content\/uploads\/2024\/07\/Tire-Fitment-Chart-WEB-version-2024-03-07.pdf\" target=\"_blank\" rel=\"noreferrer noopener\">Mousse Maximizer Chart<\/a> kommer du att uppleva f\u00f6ljande f\u00f6rdelar:<\/p>\n\n\n\n<ol class=\"wp-block-list\">\n<li>Optimal d\u00e4ckfyllning: V\u00e5r guide tar h\u00e4nsyn till din motorcykels storlek och typ f\u00f6r att rekommendera den b\u00e4sta moussestorleken, vilket ger optimal fyllning och prestanda f\u00f6r ditt d\u00e4ck.<\/li>\n\n\n\n<li>B\u00e4ttre grepp: R\u00e4tt mousse \u00f6kar ditt d\u00e4cks grepp p\u00e5 olika underlag, vilket f\u00f6rb\u00e4ttrar stabiliteten och minskar risken f\u00f6r slirning.<\/li>\n\n\n\n<li>\u00d6kad livsl\u00e4ngd: Genom att anv\u00e4nda en mousse som \u00e4r anpassad till din motorcykels specifikationer minskar du slitage och \u00f6kar d\u00e4rmed livsl\u00e4ngden p\u00e5 ditt d\u00e4ck.<\/li>\n\n\n\n<li>Minskat Underh\u00e5ll: En v\u00e4l vald mousse kr\u00e4ver mindre underh\u00e5ll och ger dig mer tid p\u00e5 v\u00e4gen i st\u00e4llet f\u00f6r i verkstaden.<\/li>\n<\/ol>\n\n\n\n<h2 class=\"wp-block-heading\">S\u00e5 anv\u00e4nder du Mousse Maximizer Chart:<\/h2>\n\n\n\n<ol class=\"wp-block-list\">\n<li>Scrolla till ditt motorcykelm\u00e4rke, hitta din motorcykelmodell i v\u00e5r <a href=\"https:\/\/airmousse.com\/wp-content\/uploads\/2024\/07\/Tire-Fitment-Chart-WEB-version-2024-03-07.pdf\">Mousse Maximizer Chart<\/a> f\u00f6r att f\u00e5 specifika rekommendationer.<\/li>\n\n\n\n<li>V\u00e4lj modell<\/li>\n\n\n\n<li>V\u00e4lj d\u00e4ck- och f\u00e4lgstorlek<\/li>\n\n\n\n<li>Hitta r\u00e4tt mousse: Baserat p\u00e5 informationen kommer v\u00e5r guide att presentera den optimala moussen f\u00f6r din motorcykel med specifikt artikelnummer. Du kan s\u00f6ka p\u00e5 artikelnumret i s\u00f6kf\u00f6nstret p\u00e5 webshopen och vi tar dig direkt till rekommenderad produkt.<\/li>\n<\/ol>\n\n\n\n<p>Genom att anv\u00e4nda v\u00e5r <a href=\"https:\/\/airmousse.com\/wp-content\/uploads\/2024\/07\/Tire-Fitment-Chart-WEB-version-2024-03-07.pdf\" target=\"_blank\" rel=\"noreferrer noopener\">Mousse Maximizer Chart<\/a> g\u00f6r du inte bara r\u00e4tt val f\u00f6r din motorcykel utan du \u00f6kar ocks\u00e5 k\u00e4nslan och s\u00e4kerheten vid varje k\u00f6rning. Utforska v\u00e5r guide och ta ditt \u00e5kande till nya h\u00f6jder!<\/p>\n<\/div>\n<\/div><\/section>\n","protected":false},"excerpt":{"rendered":"","protected":false},"author":1,"featured_media":0,"parent":74,"menu_order":0,"comment_status":"closed","ping_status":"closed","template":"","meta":{"_acf_changed":false,"footnotes":""},"class_list":["post-146","page","type-page","status-publish","hentry"],"acf":[],"_links":{"self":[{"href":"https:\/\/airmousse.com\/sv\/wp-json\/wp\/v2\/pages\/146","targetHints":{"allow":["GET"]}}],"collection":[{"href":"https:\/\/airmousse.com\/sv\/wp-json\/wp\/v2\/pages"}],"about":[{"href":"https:\/\/airmousse.com\/sv\/wp-json\/wp\/v2\/types\/page"}],"author":[{"embeddable":true,"href":"https:\/\/airmousse.com\/sv\/wp-json\/wp\/v2\/users\/1"}],"replies":[{"embeddable":true,"href":"https:\/\/airmousse.com\/sv\/wp-json\/wp\/v2\/comments?post=146"}],"version-history":[{"count":0,"href":"https:\/\/airmousse.com\/sv\/wp-json\/wp\/v2\/pages\/146\/revisions"}],"up":[{"embeddable":true,"href":"https:\/\/airmousse.com\/sv\/wp-json\/wp\/v2\/pages\/74"}],"wp:attachment":[{"href":"https:\/\/airmousse.com\/sv\/wp-json\/wp\/v2\/media?parent=146"}],"curies":[{"name":"wp","href":"https:\/\/api.w.org\/{rel}","templated":true}]}}