{"id":166,"date":"2024-07-02T11:25:21","date_gmt":"2024-07-02T09:25:21","guid":{"rendered":"https:\/\/airmousse.com\/?page_id=166"},"modified":"2024-08-27T22:30:03","modified_gmt":"2024-08-27T20:30:03","slug":"how-to-change-mousse-guide-airmousse","status":"publish","type":"page","link":"https:\/\/airmousse.com\/sv\/how-to-change-mousse-guide-airmousse\/","title":{"rendered":"Hur man byter mousse"},"content":{"rendered":"\n<section class=\"qt-section container-s\"><div class=\"qt-section__inner grid grid-col-1\">\n<div class=\"qt-container\">\n<h1 class=\"wp-block-heading\">Guide f\u00f6r installation av Airmousse<\/h1>\n<\/div>\n\n\n\n<div class=\"qt-container\">\n<figure class=\"wp-block-embed is-type-video is-provider-youtube wp-block-embed-youtube wp-embed-aspect-16-9 wp-has-aspect-ratio\"><div class=\"wp-block-embed__wrapper\">\nhttps:\/\/youtu.be\/uWFB5yyOfvI\n<\/div><\/figure>\n\n\n\n<h2 class=\"wp-block-heading wp-embed-aspect-16-9 wp-has-aspect-ratio\">Steg f\u00f6r steg \u2013 Hur man byter mousse<\/h2>\n\n\n\n<p class=\"wp-embed-aspect-16-9 wp-has-aspect-ratio\">Att byta mousse \u00e4r enkelt gjort om du har r\u00e4tt verktyg. Du beh\u00f6ver f\u00f6ljande verktyg:<\/p>\n\n\n\n<ul class=\"wp-block-list wp-embed-aspect-16-9 wp-has-aspect-ratio\">\n<li>Vi rekommenderar starkt en d\u00e4ckv\u00e4xlare<\/li>\n\n\n\n<li>Skyddshandskar<\/li>\n\n\n\n<li>Skiftnyckel f\u00f6r att lossa f\u00e4lgs\u00e4kringen<\/li>\n\n\n\n<li>Ordentliga d\u00e4ckavtagare\/d\u00e4ckspak (minst fem)<\/li>\n\n\n\n<li>Borste f\u00f6r att applicera silikongel<\/li>\n\n\n\n<li>Sprayflaska &#8211; vatten blandat med tv\u00e5l<\/li>\n\n\n\n<li>F\u00e4lgs\u00e4kring<\/li>\n<\/ul>\n\n\n\n<section class=\"qt-section container-default wp-embed-aspect-16-9 wp-has-aspect-ratio\"><div class=\"qt-section__inner grid grid-col-3\">\n<div class=\"qt-container\">\n<figure class=\"wp-block-image size-product-thumb-large\"><img loading=\"lazy\" width=\"588\" height=\"588\" src=\"https:\/\/airmousse.com\/wp-content\/uploads\/2024\/07\/Illustration-verktyg_3-588x588.jpg\" alt=\"\" class=\"wp-image-283\" style=\"aspect-ratio:1;object-fit:cover\" srcset=\"https:\/\/airmousse.com\/wp-content\/uploads\/2024\/07\/Illustration-verktyg_3-588x588.jpg 588w, https:\/\/airmousse.com\/wp-content\/uploads\/2024\/07\/Illustration-verktyg_3-500x500.jpg 500w, https:\/\/airmousse.com\/wp-content\/uploads\/2024\/07\/Illustration-verktyg_3-768x768.jpg 768w, https:\/\/airmousse.com\/wp-content\/uploads\/2024\/07\/Illustration-verktyg_3-200x200.jpg 200w, https:\/\/airmousse.com\/wp-content\/uploads\/2024\/07\/Illustration-verktyg_3-147x147.jpg 147w, https:\/\/airmousse.com\/wp-content\/uploads\/2024\/07\/Illustration-verktyg_3-285x285.jpg 285w, https:\/\/airmousse.com\/wp-content\/uploads\/2024\/07\/Illustration-verktyg_3-347x347.jpg 347w, https:\/\/airmousse.com\/wp-content\/uploads\/2024\/07\/Illustration-verktyg_3-400x400.jpg 400w, https:\/\/airmousse.com\/wp-content\/uploads\/2024\/07\/Illustration-verktyg_3-459x459.jpg 459w, https:\/\/airmousse.com\/wp-content\/uploads\/2024\/07\/Illustration-verktyg_3-447x447.jpg 447w, https:\/\/airmousse.com\/wp-content\/uploads\/2024\/07\/Illustration-verktyg_3-100x100.jpg 100w, https:\/\/airmousse.com\/wp-content\/uploads\/2024\/07\/Illustration-verktyg_3-283x283.jpg 283w, https:\/\/airmousse.com\/wp-content\/uploads\/2024\/07\/Illustration-verktyg_3-216x216.jpg 216w, https:\/\/airmousse.com\/wp-content\/uploads\/2024\/07\/Illustration-verktyg_3-457x457.jpg 457w, https:\/\/airmousse.com\/wp-content\/uploads\/2024\/07\/Illustration-verktyg_3.jpg 800w\" sizes=\"auto, (max-width: 588px) 100vw, 588px\" \/><\/figure>\n<\/div>\n\n\n\n<div class=\"qt-container\">\n<figure class=\"wp-block-image size-product-thumb-large\"><img loading=\"lazy\" width=\"588\" height=\"588\" src=\"https:\/\/airmousse.com\/wp-content\/uploads\/2024\/07\/Illustration-verktyg_2-588x588.jpg\" alt=\"\" class=\"wp-image-285\" style=\"aspect-ratio:1;object-fit:cover\" srcset=\"https:\/\/airmousse.com\/wp-content\/uploads\/2024\/07\/Illustration-verktyg_2-588x588.jpg 588w, https:\/\/airmousse.com\/wp-content\/uploads\/2024\/07\/Illustration-verktyg_2-500x500.jpg 500w, https:\/\/airmousse.com\/wp-content\/uploads\/2024\/07\/Illustration-verktyg_2-768x768.jpg 768w, https:\/\/airmousse.com\/wp-content\/uploads\/2024\/07\/Illustration-verktyg_2-200x200.jpg 200w, https:\/\/airmousse.com\/wp-content\/uploads\/2024\/07\/Illustration-verktyg_2-147x147.jpg 147w, https:\/\/airmousse.com\/wp-content\/uploads\/2024\/07\/Illustration-verktyg_2-285x285.jpg 285w, https:\/\/airmousse.com\/wp-content\/uploads\/2024\/07\/Illustration-verktyg_2-347x347.jpg 347w, https:\/\/airmousse.com\/wp-content\/uploads\/2024\/07\/Illustration-verktyg_2-400x400.jpg 400w, https:\/\/airmousse.com\/wp-content\/uploads\/2024\/07\/Illustration-verktyg_2-459x459.jpg 459w, https:\/\/airmousse.com\/wp-content\/uploads\/2024\/07\/Illustration-verktyg_2-447x447.jpg 447w, https:\/\/airmousse.com\/wp-content\/uploads\/2024\/07\/Illustration-verktyg_2-100x100.jpg 100w, https:\/\/airmousse.com\/wp-content\/uploads\/2024\/07\/Illustration-verktyg_2-283x283.jpg 283w, https:\/\/airmousse.com\/wp-content\/uploads\/2024\/07\/Illustration-verktyg_2-216x216.jpg 216w, https:\/\/airmousse.com\/wp-content\/uploads\/2024\/07\/Illustration-verktyg_2-457x457.jpg 457w, https:\/\/airmousse.com\/wp-content\/uploads\/2024\/07\/Illustration-verktyg_2.jpg 800w\" sizes=\"auto, (max-width: 588px) 100vw, 588px\" \/><\/figure>\n<\/div>\n\n\n\n<div class=\"qt-container\">\n<figure class=\"wp-block-image size-product-thumb-large\"><img loading=\"lazy\" width=\"588\" height=\"588\" src=\"https:\/\/airmousse.com\/wp-content\/uploads\/2024\/07\/Illustration-verktyg-588x588.jpg\" alt=\"\" class=\"wp-image-284\" style=\"aspect-ratio:1;object-fit:cover\" srcset=\"https:\/\/airmousse.com\/wp-content\/uploads\/2024\/07\/Illustration-verktyg-588x588.jpg 588w, https:\/\/airmousse.com\/wp-content\/uploads\/2024\/07\/Illustration-verktyg-500x500.jpg 500w, https:\/\/airmousse.com\/wp-content\/uploads\/2024\/07\/Illustration-verktyg-768x768.jpg 768w, https:\/\/airmousse.com\/wp-content\/uploads\/2024\/07\/Illustration-verktyg-200x200.jpg 200w, https:\/\/airmousse.com\/wp-content\/uploads\/2024\/07\/Illustration-verktyg-147x147.jpg 147w, https:\/\/airmousse.com\/wp-content\/uploads\/2024\/07\/Illustration-verktyg-285x285.jpg 285w, https:\/\/airmousse.com\/wp-content\/uploads\/2024\/07\/Illustration-verktyg-347x347.jpg 347w, https:\/\/airmousse.com\/wp-content\/uploads\/2024\/07\/Illustration-verktyg-400x400.jpg 400w, https:\/\/airmousse.com\/wp-content\/uploads\/2024\/07\/Illustration-verktyg-459x459.jpg 459w, https:\/\/airmousse.com\/wp-content\/uploads\/2024\/07\/Illustration-verktyg-447x447.jpg 447w, https:\/\/airmousse.com\/wp-content\/uploads\/2024\/07\/Illustration-verktyg-100x100.jpg 100w, https:\/\/airmousse.com\/wp-content\/uploads\/2024\/07\/Illustration-verktyg-283x283.jpg 283w, https:\/\/airmousse.com\/wp-content\/uploads\/2024\/07\/Illustration-verktyg-216x216.jpg 216w, https:\/\/airmousse.com\/wp-content\/uploads\/2024\/07\/Illustration-verktyg-457x457.jpg 457w, https:\/\/airmousse.com\/wp-content\/uploads\/2024\/07\/Illustration-verktyg.jpg 800w\" sizes=\"auto, (max-width: 588px) 100vw, 588px\" \/><\/figure>\n<\/div>\n<\/div><\/section>\n\n\n\n<h3 class=\"wp-block-heading\">Steg 1 \u2013 Ta bort d\u00e4cket fr\u00e5n f\u00e4lgen<\/h3>\n\n\n\n<p>Placera hjulet p\u00e5 d\u00e4ckv\u00e4xlaren och skruva loss f\u00e4lgs\u00e4kringen.<\/p>\n\n\n\n<p>Om hjulet sitter fast p\u00e5 f\u00e4lgen kan du anv\u00e4nda d\u00e4ckv\u00e4xlaren f\u00f6r att trycka ner hjulet och lossa det fr\u00e5n f\u00e4lgen.<\/p>\n\n\n\n<p>Placera d\u00e4ckavtagarna mellan f\u00e4lgen och hjulet. Kom ih\u00e5g att inte placera dem f\u00f6r l\u00e5ngt fr\u00e5n varandra (h\u00e5ll det runt 10-15 cm), det kommer att g\u00f6ra skiftet mycket enklare. N\u00e4r d\u00e4ckavtagarna \u00e4r p\u00e5 plats b\u00f6rja trycka ner den andra spaken fr\u00e5n \u00e4nden eftersom den f\u00f6rhindrar att de andra glider ut.<\/p>\n\n\n\n<p>N\u00e4r den f\u00f6rsta delen av att lossa d\u00e4cket fr\u00e5n f\u00e4lgen \u00e4r klar, lyft av det fr\u00e5n d\u00e4ckv\u00e4xlaren och placera det med den andra sidan upp\u00e5t. Tryck sedan av d\u00e4cket fr\u00e5n f\u00e4lgen med d\u00e4ckv\u00e4xlaren runt hela v\u00e4gen.<\/p>\n\n\n\n<section class=\"qt-section container-default\"><div class=\"qt-section__inner grid grid-col-2\">\n<div class=\"qt-container\">\n<figure class=\"wp-block-image size-3-2-medium\"><img loading=\"lazy\" width=\"533\" height=\"400\" src=\"https:\/\/airmousse.com\/wp-content\/uploads\/2024\/07\/steg-1-1-533x400.jpg\" alt=\"\" class=\"wp-image-288\" style=\"aspect-ratio:3\/2;object-fit:cover\" srcset=\"https:\/\/airmousse.com\/wp-content\/uploads\/2024\/07\/steg-1-1-533x400.jpg 533w, https:\/\/airmousse.com\/wp-content\/uploads\/2024\/07\/steg-1-1-768x576.jpg 768w, https:\/\/airmousse.com\/wp-content\/uploads\/2024\/07\/steg-1-1-200x150.jpg 200w, https:\/\/airmousse.com\/wp-content\/uploads\/2024\/07\/steg-1-1-147x110.jpg 147w, https:\/\/airmousse.com\/wp-content\/uploads\/2024\/07\/steg-1-1-285x214.jpg 285w, https:\/\/airmousse.com\/wp-content\/uploads\/2024\/07\/steg-1-1-588x441.jpg 588w, https:\/\/airmousse.com\/wp-content\/uploads\/2024\/07\/steg-1-1-462x347.jpg 462w, https:\/\/airmousse.com\/wp-content\/uploads\/2024\/07\/steg-1-1-612x459.jpg 612w, https:\/\/airmousse.com\/wp-content\/uploads\/2024\/07\/steg-1-1-447x335.jpg 447w, https:\/\/airmousse.com\/wp-content\/uploads\/2024\/07\/steg-1-1-283x212.jpg 283w, https:\/\/airmousse.com\/wp-content\/uploads\/2024\/07\/steg-1-1-288x216.jpg 288w, https:\/\/airmousse.com\/wp-content\/uploads\/2024\/07\/steg-1-1-609x457.jpg 609w, https:\/\/airmousse.com\/wp-content\/uploads\/2024\/07\/steg-1-1.jpg 800w\" sizes=\"auto, (max-width: 533px) 100vw, 533px\" \/><figcaption class=\"wp-element-caption\">Placera d\u00e4ckavtagarna mellan f\u00e4lgen och hjulet.<\/figcaption><\/figure>\n<\/div>\n\n\n\n<div class=\"qt-container\">\n<figure class=\"wp-block-image size-3-2-medium\"><img loading=\"lazy\" width=\"533\" height=\"400\" src=\"https:\/\/airmousse.com\/wp-content\/uploads\/2024\/07\/steg-1-2-533x400.jpg\" alt=\"\" class=\"wp-image-289\" style=\"aspect-ratio:3\/2;object-fit:cover\" srcset=\"https:\/\/airmousse.com\/wp-content\/uploads\/2024\/07\/steg-1-2-533x400.jpg 533w, https:\/\/airmousse.com\/wp-content\/uploads\/2024\/07\/steg-1-2-768x576.jpg 768w, https:\/\/airmousse.com\/wp-content\/uploads\/2024\/07\/steg-1-2-200x150.jpg 200w, https:\/\/airmousse.com\/wp-content\/uploads\/2024\/07\/steg-1-2-147x110.jpg 147w, https:\/\/airmousse.com\/wp-content\/uploads\/2024\/07\/steg-1-2-285x214.jpg 285w, https:\/\/airmousse.com\/wp-content\/uploads\/2024\/07\/steg-1-2-588x441.jpg 588w, https:\/\/airmousse.com\/wp-content\/uploads\/2024\/07\/steg-1-2-462x347.jpg 462w, https:\/\/airmousse.com\/wp-content\/uploads\/2024\/07\/steg-1-2-612x459.jpg 612w, https:\/\/airmousse.com\/wp-content\/uploads\/2024\/07\/steg-1-2-447x335.jpg 447w, https:\/\/airmousse.com\/wp-content\/uploads\/2024\/07\/steg-1-2-283x212.jpg 283w, https:\/\/airmousse.com\/wp-content\/uploads\/2024\/07\/steg-1-2-288x216.jpg 288w, https:\/\/airmousse.com\/wp-content\/uploads\/2024\/07\/steg-1-2-609x457.jpg 609w, https:\/\/airmousse.com\/wp-content\/uploads\/2024\/07\/steg-1-2.jpg 800w\" sizes=\"auto, (max-width: 533px) 100vw, 533px\" \/><figcaption class=\"wp-element-caption\">L\u00f6sg\u00f6r d\u00e4cket fr\u00e5n f\u00e4lgen.<\/figcaption><\/figure>\n<\/div>\n<\/div><\/section>\n\n\n\n<h3 class=\"wp-block-heading\">Steg 2 \u2013 Installera den nya moussen i d\u00e4cket<\/h3>\n\n\n\n<p>Vi rekommenderar att du anv\u00e4nder en borste\/pensel f\u00f6r att applicera silikongelen p\u00e5 insidan av d\u00e4cket. Anv\u00e4nd h\u00e4lften av tuben inuti d\u00e4cket och applicera den andra halvan p\u00e5 moussen. (En tub med 85\/100 gram silikongel ing\u00e5r n\u00e4r du best\u00e4ller en mousse). Anv\u00e4nd en sprayflaska med vatten blandat med lite tv\u00e5l och spraya kanterna p\u00e5 d\u00e4cket. Det kommer att hj\u00e4lpa dig att f\u00e5 d\u00e4cket tillbaka p\u00e5 f\u00e4lgen.<\/p>\n\n\n\n<p>S\u00e4tt in den nya moussen i d\u00e4cket. Anv\u00e4ndning av ett par skyddshandskar kommer att g\u00f6ra det enklare.<\/p>\n\n\n\n<section class=\"qt-section container-default\"><div class=\"qt-section__inner grid grid-col-2\">\n<div class=\"qt-container\">\n<figure class=\"wp-block-image size-3-2-medium\"><img loading=\"lazy\" width=\"533\" height=\"400\" src=\"https:\/\/airmousse.com\/wp-content\/uploads\/2024\/07\/steg-2-1-533x400.jpg\" alt=\"\" class=\"wp-image-293\" style=\"aspect-ratio:3\/2;object-fit:cover\" srcset=\"https:\/\/airmousse.com\/wp-content\/uploads\/2024\/07\/steg-2-1-533x400.jpg 533w, https:\/\/airmousse.com\/wp-content\/uploads\/2024\/07\/steg-2-1-768x576.jpg 768w, https:\/\/airmousse.com\/wp-content\/uploads\/2024\/07\/steg-2-1-200x150.jpg 200w, https:\/\/airmousse.com\/wp-content\/uploads\/2024\/07\/steg-2-1-147x110.jpg 147w, https:\/\/airmousse.com\/wp-content\/uploads\/2024\/07\/steg-2-1-285x214.jpg 285w, https:\/\/airmousse.com\/wp-content\/uploads\/2024\/07\/steg-2-1-588x441.jpg 588w, https:\/\/airmousse.com\/wp-content\/uploads\/2024\/07\/steg-2-1-462x347.jpg 462w, https:\/\/airmousse.com\/wp-content\/uploads\/2024\/07\/steg-2-1-612x459.jpg 612w, https:\/\/airmousse.com\/wp-content\/uploads\/2024\/07\/steg-2-1-447x335.jpg 447w, https:\/\/airmousse.com\/wp-content\/uploads\/2024\/07\/steg-2-1-283x212.jpg 283w, https:\/\/airmousse.com\/wp-content\/uploads\/2024\/07\/steg-2-1-288x216.jpg 288w, https:\/\/airmousse.com\/wp-content\/uploads\/2024\/07\/steg-2-1-609x457.jpg 609w, https:\/\/airmousse.com\/wp-content\/uploads\/2024\/07\/steg-2-1.jpg 800w\" sizes=\"auto, (max-width: 533px) 100vw, 533px\" \/><figcaption class=\"wp-element-caption\">Applicera silikongel inuti d\u00e4cket.<\/figcaption><\/figure>\n<\/div>\n\n\n\n<div class=\"qt-container\">\n<figure class=\"wp-block-image size-3-2-medium\"><img loading=\"lazy\" width=\"533\" height=\"400\" src=\"https:\/\/airmousse.com\/wp-content\/uploads\/2024\/07\/steg-2-2-533x400.jpg\" alt=\"\" class=\"wp-image-292\" style=\"aspect-ratio:3\/2;object-fit:cover\" srcset=\"https:\/\/airmousse.com\/wp-content\/uploads\/2024\/07\/steg-2-2-533x400.jpg 533w, https:\/\/airmousse.com\/wp-content\/uploads\/2024\/07\/steg-2-2-768x576.jpg 768w, https:\/\/airmousse.com\/wp-content\/uploads\/2024\/07\/steg-2-2-200x150.jpg 200w, https:\/\/airmousse.com\/wp-content\/uploads\/2024\/07\/steg-2-2-147x110.jpg 147w, https:\/\/airmousse.com\/wp-content\/uploads\/2024\/07\/steg-2-2-285x214.jpg 285w, https:\/\/airmousse.com\/wp-content\/uploads\/2024\/07\/steg-2-2-588x441.jpg 588w, https:\/\/airmousse.com\/wp-content\/uploads\/2024\/07\/steg-2-2-462x347.jpg 462w, https:\/\/airmousse.com\/wp-content\/uploads\/2024\/07\/steg-2-2-612x459.jpg 612w, https:\/\/airmousse.com\/wp-content\/uploads\/2024\/07\/steg-2-2-447x335.jpg 447w, https:\/\/airmousse.com\/wp-content\/uploads\/2024\/07\/steg-2-2-283x212.jpg 283w, https:\/\/airmousse.com\/wp-content\/uploads\/2024\/07\/steg-2-2-288x216.jpg 288w, https:\/\/airmousse.com\/wp-content\/uploads\/2024\/07\/steg-2-2-609x457.jpg 609w, https:\/\/airmousse.com\/wp-content\/uploads\/2024\/07\/steg-2-2.jpg 800w\" sizes=\"auto, (max-width: 533px) 100vw, 533px\" \/><figcaption class=\"wp-element-caption\">Spraya tv\u00e5l och vatten p\u00e5 kanterna.<\/figcaption><\/figure>\n<\/div>\n<\/div><\/section>\n\n\n\n<h3 class=\"wp-block-heading\">Steg 3 &#8211; Montera d\u00e4cket p\u00e5 f\u00e4lgen<\/h3>\n\n\n\n<p>F\u00f6r att f\u00e5 d\u00e4cket tillbaka p\u00e5 f\u00e4lgen, placera det p\u00e5 d\u00e4ckv\u00e4xlaren. Anv\u00e4nd d\u00e4ckavtagarna f\u00f6r att trycka p\u00e5 d\u00e4cket. Anv\u00e4nd sm\u00e5 steg runt hela v\u00e4gen.<\/p>\n\n\n\n<p>Observera! Om du har rotation i d\u00e4cket \u00e4r det viktigt att s\u00e4tta p\u00e5 d\u00e4cket p\u00e5 r\u00e4tt s\u00e4tt. L\u00e4s mer om v\u00e5ra olika Airmousses i v\u00e5r&nbsp;<a href=\"https:\/\/airmousse.com\/kundtjanst\/faq\/\" data-type=\"page\" data-id=\"140\">FAQ<\/a>.<\/p>\n\n\n\n<section class=\"qt-section container-default\"><div class=\"qt-section__inner grid grid-col-1\">\n<div class=\"qt-container\">\n<figure class=\"wp-block-image size-3-2-medium\"><img loading=\"lazy\" width=\"533\" height=\"400\" src=\"https:\/\/airmousse.com\/wp-content\/uploads\/2024\/07\/steg-3-1-533x400.jpg\" alt=\"\" class=\"wp-image-299\" style=\"aspect-ratio:3\/2;object-fit:cover\" srcset=\"https:\/\/airmousse.com\/wp-content\/uploads\/2024\/07\/steg-3-1-533x400.jpg 533w, https:\/\/airmousse.com\/wp-content\/uploads\/2024\/07\/steg-3-1-768x576.jpg 768w, https:\/\/airmousse.com\/wp-content\/uploads\/2024\/07\/steg-3-1-200x150.jpg 200w, https:\/\/airmousse.com\/wp-content\/uploads\/2024\/07\/steg-3-1-147x110.jpg 147w, https:\/\/airmousse.com\/wp-content\/uploads\/2024\/07\/steg-3-1-285x214.jpg 285w, https:\/\/airmousse.com\/wp-content\/uploads\/2024\/07\/steg-3-1-588x441.jpg 588w, https:\/\/airmousse.com\/wp-content\/uploads\/2024\/07\/steg-3-1-462x347.jpg 462w, https:\/\/airmousse.com\/wp-content\/uploads\/2024\/07\/steg-3-1-612x459.jpg 612w, https:\/\/airmousse.com\/wp-content\/uploads\/2024\/07\/steg-3-1-447x335.jpg 447w, https:\/\/airmousse.com\/wp-content\/uploads\/2024\/07\/steg-3-1-283x212.jpg 283w, https:\/\/airmousse.com\/wp-content\/uploads\/2024\/07\/steg-3-1-288x216.jpg 288w, https:\/\/airmousse.com\/wp-content\/uploads\/2024\/07\/steg-3-1-609x457.jpg 609w, https:\/\/airmousse.com\/wp-content\/uploads\/2024\/07\/steg-3-1.jpg 800w\" sizes=\"auto, (max-width: 533px) 100vw, 533px\" \/><figcaption class=\"wp-element-caption\">Anv\u00e4nd d\u00e4ckavtagare och trycket fr\u00e5n ditt kn\u00e4 f\u00f6r att trycka tillbaka d\u00e4cket p\u00e5 plats.<\/figcaption><\/figure>\n<\/div>\n<\/div><\/section>\n\n\n\n<p>N\u00e4r d\u00e4cket \u00e4r tillbaka p\u00e5 plats \u00e4r det dags att f\u00e5 det p\u00e5 plats inuti f\u00e4lgen genom att anv\u00e4nda d\u00e4ckavtagarna. Detta kan vara den knepigaste delen, men genom att placera dem n\u00e4ra varandra kommer installationen att bli mycket enklare. Arbeta dig runt h\u00e4lften av d\u00e4cket. Anv\u00e4nd sedan en d\u00e4ckavtagare f\u00f6r att fixera d\u00e4cket genom att placera den mellan f\u00e4lgen och d\u00e4cket. Det kommer att f\u00f6rhindra att d\u00e4cket glider tillbaka upp n\u00e4r du arbetar dig runt. Mycket viktigt att arbeta med sm\u00e5 steg och kontinuerligt l\u00e5sa d\u00e4cket genom att anv\u00e4nda avtagarna.<br><br>Viktigt &#8211; Anv\u00e4nd alltid en f\u00e4lgs\u00e4kring n\u00e4r du anv\u00e4nder Airmousse!<\/p>\n\n\n\n<section class=\"qt-section container-default\"><div class=\"qt-section__inner grid grid-col-2\">\n<div class=\"qt-container\">\n<figure class=\"wp-block-image size-3-2-medium\"><img loading=\"lazy\" width=\"533\" height=\"400\" src=\"https:\/\/airmousse.com\/wp-content\/uploads\/2024\/07\/steg-3-2-533x400.jpg\" alt=\"\" class=\"wp-image-298\" style=\"aspect-ratio:3\/2;object-fit:cover\" srcset=\"https:\/\/airmousse.com\/wp-content\/uploads\/2024\/07\/steg-3-2-533x400.jpg 533w, https:\/\/airmousse.com\/wp-content\/uploads\/2024\/07\/steg-3-2-768x576.jpg 768w, https:\/\/airmousse.com\/wp-content\/uploads\/2024\/07\/steg-3-2-200x150.jpg 200w, https:\/\/airmousse.com\/wp-content\/uploads\/2024\/07\/steg-3-2-147x110.jpg 147w, https:\/\/airmousse.com\/wp-content\/uploads\/2024\/07\/steg-3-2-285x214.jpg 285w, https:\/\/airmousse.com\/wp-content\/uploads\/2024\/07\/steg-3-2-588x441.jpg 588w, https:\/\/airmousse.com\/wp-content\/uploads\/2024\/07\/steg-3-2-462x347.jpg 462w, https:\/\/airmousse.com\/wp-content\/uploads\/2024\/07\/steg-3-2-612x459.jpg 612w, https:\/\/airmousse.com\/wp-content\/uploads\/2024\/07\/steg-3-2-447x335.jpg 447w, https:\/\/airmousse.com\/wp-content\/uploads\/2024\/07\/steg-3-2-283x212.jpg 283w, https:\/\/airmousse.com\/wp-content\/uploads\/2024\/07\/steg-3-2-288x216.jpg 288w, https:\/\/airmousse.com\/wp-content\/uploads\/2024\/07\/steg-3-2-609x457.jpg 609w, https:\/\/airmousse.com\/wp-content\/uploads\/2024\/07\/steg-3-2.jpg 800w\" sizes=\"auto, (max-width: 533px) 100vw, 533px\" \/><figcaption class=\"wp-element-caption\">Se till att h\u00e5lla ett litet avst\u00e5nd mellan d\u00e4ckavtagarna.<\/figcaption><\/figure>\n<\/div>\n\n\n\n<div class=\"qt-container\">\n<figure class=\"wp-block-image size-3-2-medium\"><img loading=\"lazy\" width=\"533\" height=\"400\" src=\"https:\/\/airmousse.com\/wp-content\/uploads\/2024\/07\/steg-3-3-533x400.jpg\" alt=\"\" class=\"wp-image-297\" style=\"aspect-ratio:3\/2;object-fit:cover\" srcset=\"https:\/\/airmousse.com\/wp-content\/uploads\/2024\/07\/steg-3-3-533x400.jpg 533w, https:\/\/airmousse.com\/wp-content\/uploads\/2024\/07\/steg-3-3-768x576.jpg 768w, https:\/\/airmousse.com\/wp-content\/uploads\/2024\/07\/steg-3-3-200x150.jpg 200w, https:\/\/airmousse.com\/wp-content\/uploads\/2024\/07\/steg-3-3-147x110.jpg 147w, https:\/\/airmousse.com\/wp-content\/uploads\/2024\/07\/steg-3-3-285x214.jpg 285w, https:\/\/airmousse.com\/wp-content\/uploads\/2024\/07\/steg-3-3-588x441.jpg 588w, https:\/\/airmousse.com\/wp-content\/uploads\/2024\/07\/steg-3-3-462x347.jpg 462w, https:\/\/airmousse.com\/wp-content\/uploads\/2024\/07\/steg-3-3-612x459.jpg 612w, https:\/\/airmousse.com\/wp-content\/uploads\/2024\/07\/steg-3-3-447x335.jpg 447w, https:\/\/airmousse.com\/wp-content\/uploads\/2024\/07\/steg-3-3-283x212.jpg 283w, https:\/\/airmousse.com\/wp-content\/uploads\/2024\/07\/steg-3-3-288x216.jpg 288w, https:\/\/airmousse.com\/wp-content\/uploads\/2024\/07\/steg-3-3-609x457.jpg 609w, https:\/\/airmousse.com\/wp-content\/uploads\/2024\/07\/steg-3-3.jpg 800w\" sizes=\"auto, (max-width: 533px) 100vw, 533px\" \/><figcaption class=\"wp-element-caption\">F\u00f6rhindra att d\u00e4cket glider tillbaka fr\u00e5n f\u00e4lgen genom att f\u00e4sta det med f\u00e4lgl\u00e5set.<\/figcaption><\/figure>\n<\/div>\n<\/div><\/section>\n<\/div>\n<\/div><\/section>\n","protected":false},"excerpt":{"rendered":"","protected":false},"author":1,"featured_media":0,"parent":0,"menu_order":0,"comment_status":"closed","ping_status":"closed","template":"","meta":{"_acf_changed":false,"footnotes":""},"class_list":["post-166","page","type-page","status-publish","hentry"],"acf":[],"_links":{"self":[{"href":"https:\/\/airmousse.com\/sv\/wp-json\/wp\/v2\/pages\/166","targetHints":{"allow":["GET"]}}],"collection":[{"href":"https:\/\/airmousse.com\/sv\/wp-json\/wp\/v2\/pages"}],"about":[{"href":"https:\/\/airmousse.com\/sv\/wp-json\/wp\/v2\/types\/page"}],"author":[{"embeddable":true,"href":"https:\/\/airmousse.com\/sv\/wp-json\/wp\/v2\/users\/1"}],"replies":[{"embeddable":true,"href":"https:\/\/airmousse.com\/sv\/wp-json\/wp\/v2\/comments?post=166"}],"version-history":[{"count":0,"href":"https:\/\/airmousse.com\/sv\/wp-json\/wp\/v2\/pages\/166\/revisions"}],"wp:attachment":[{"href":"https:\/\/airmousse.com\/sv\/wp-json\/wp\/v2\/media?parent=166"}],"curies":[{"name":"wp","href":"https:\/\/api.w.org\/{rel}","templated":true}]}}