{"id":3,"date":"2024-06-19T13:31:14","date_gmt":"2024-06-19T13:31:14","guid":{"rendered":"https:\/\/airmousse.com\/?page_id=3"},"modified":"2024-07-03T14:52:52","modified_gmt":"2024-07-03T12:52:52","slug":"integritetspolicy","status":"publish","type":"page","link":"https:\/\/airmousse.com\/sv\/kundtjanst\/integritetspolicy\/","title":{"rendered":"Integritetspolicy"},"content":{"rendered":"\n<section class=\"qt-section container-s\"><div class=\"qt-section__inner grid grid-col-1\">\n<div class=\"qt-container\">\n<h1 class=\"wp-block-heading\">Integritetspolicy<\/h1>\n\n\n\n        <div class=\"wp-block-buttons\">\n            <div class=\"wp-block-button is-style-secondary \">\n                    <a href=\"https:\/\/airmousse.com\/sv\/kundtjanst\/\" class=\"wp-block-button__link\">Kontakta oss<\/a>\n                <\/div>\n                            <div class=\"wp-block-button is-style-secondary \">\n                    <a href=\"https:\/\/airmousse.com\/sv\/kundtjanst\/faq\/\" class=\"wp-block-button__link\">FAQ<\/a>\n                <\/div>\n                            <div class=\"wp-block-button is-style-secondary is-active\">\n                    <a href=\"https:\/\/airmousse.com\/sv\/kundtjanst\/integritetspolicy\/\" class=\"wp-block-button__link\">Integritetspolicy<\/a>\n                <\/div>\n                            <div class=\"wp-block-button is-style-secondary \">\n                    <a href=\"https:\/\/airmousse.com\/sv\/kundtjanst\/kopvillkor\/\" class=\"wp-block-button__link\">K\u00f6pvillkor<\/a>\n                <\/div>\n                            <div class=\"wp-block-button is-style-secondary \">\n                    <a href=\"https:\/\/airmousse.com\/sv\/kundtjanst\/pick-the-right-mousse-for-your-bike-tire-fitment-guide-airmousse\/\" class=\"wp-block-button__link\">Mousse Maximizer Chart<\/a>\n                <\/div>\n                            <div class=\"wp-block-button is-style-secondary \">\n                    <a href=\"https:\/\/airmousse.com\/sv\/kundtjanst\/youtube\/\" class=\"wp-block-button__link\">YouTube-videos<\/a>\n                <\/div>\n                    <\/div>\n    \n<\/div>\n<\/div><\/section>\n\n\n\n<section class=\"qt-section container-s\"><div class=\"qt-section__inner grid grid-col-1\">\n<div class=\"qt-container\">\n<h2 class=\"wp-block-heading\">Personuppgifter<\/h2>\n\n\n\n<p>Genom att handla p\u00e5 Airmousse accepterar du v\u00e5r dataskyddspolicy och v\u00e5r behandling av dina personuppgifter. Vi skyddar din integritet och samlar inte in mer information \u00e4n n\u00f6dv\u00e4ndigt f\u00f6r att behandla din order. Vi s\u00e4ljer eller \u00f6verl\u00e4mnar aldrig din information till tredje part utan laglig grund.<\/p>\n\n\n\n<p>Airmousse \u00e4r ansvarigt f\u00f6r behandlingen av personuppgifter som du har l\u00e4mnat till oss som kund. Dina personuppgifter behandlas av oss f\u00f6r att kunna hantera din order och vid de tillf\u00e4llen d\u00e5 du har beg\u00e4rt nyhetsbrev eller kampanjerbjudanden &#8211; f\u00f6r att kunna anpassa marknadsf\u00f6ringen efter dina individuella behov.<\/p>\n\n\n\n<h2 class=\"wp-block-heading\">Vilka personuppgifter lagrar vi?<\/h2>\n\n\n\n<p>F\u00f6r att kunna hantera din order och besvara fr\u00e5gor relaterade till din order (kundtj\u00e4nst) lagrar vi ditt f\u00f6r- och efternamn, adress, telefonnummer, e-postadress, IP-adress och k\u00f6phistorik.<\/p>\n\n\n\n<p>Din information lagras s\u00e5 l\u00e4nge vi har en laglig grund att behandla din information, till exempel f\u00f6r att uppfylla avtalet mellan oss.<\/p>\n\n\n\n<h2 class=\"wp-block-heading\">Laglig grund<\/h2>\n\n\n\n<p>N\u00e4r ett k\u00f6p g\u00f6rs behandlas dina personuppgifter f\u00f6r att slutf\u00f6ra avtalet med dig.<\/p>\n\n\n\n<p>Marknadsf\u00f6ring, kampanjer och liknande utskick sker med ditt samtycke.<\/p>\n\n\n\n<h2 class=\"wp-block-heading\">Vilken information delas och f\u00f6r vilket \u00e4ndam\u00e5l?<\/h2>\n\n\n\n<p>Betalningsleverant\u00f6r: N\u00e4r ett k\u00f6p g\u00f6rs delas information med v\u00e5r betalningsleverant\u00f6r. Det som sparas \u00e4r f\u00f6rnamn, efternamn, adress, e-postadress och telefonnummer. Om du v\u00e4ljer att betala med faktura sparas \u00e4ven betalningsleverant\u00f6rens personnummer. Informationen sparas f\u00f6r att slutf\u00f6ra k\u00f6pet och f\u00f6r att skydda parterna mot bedr\u00e4gerier.<\/p>\n\n\n\n<p>De betalningsleverant\u00f6rer (betalningstj\u00e4nster) vi anv\u00e4nder \u00e4r: Klarna.<\/p>\n\n\n\n<p>Fraktbolag: F\u00f6r att leverera dina best\u00e4llningar och slutf\u00f6ra v\u00e5rt avtal m\u00e5ste vi dela viss information med fraktbolaget. Det som delas med fraktbolaget \u00e4r f\u00f6rnamn, efternamn och adressinformation f\u00f6r leverans. E-postadress och\/eller mobilnummer kan ocks\u00e5 delas med fraktbolaget f\u00f6r avisering.<\/p>\n\n\n\n<p>&nbsp;Fraktbolagen vi samarbetar med \u00e4r: DB Schenker.<\/p>\n\n\n\n<p>Nyhetsbrev: Om du har prenumererat p\u00e5 v\u00e5rt nyhetsbrev delas f\u00f6rnamn, efternamn och e-postadress med v\u00e5r nyhetsbrevsleverant\u00f6r. Detta g\u00f6rs f\u00f6r att kunna h\u00e5lla dig uppdaterad med information och erbjudanden f\u00f6r marknadsf\u00f6rings\u00e4ndam\u00e5l.<\/p>\n\n\n\n<h2 class=\"wp-block-heading\">R\u00e4tten till insyn<\/h2>\n\n\n\n<p>Du har r\u00e4tt att f\u00e5 utdrag fr\u00e5n all information som finns tillg\u00e4nglig om dig hos oss. Utdrag levereras elektroniskt i ett l\u00e4sbart format.<\/p>\n\n\n\n<h2 class=\"wp-block-heading\">R\u00e4ttelse<\/h2>\n\n\n\n<p>Du har r\u00e4tt att be oss uppdatera felaktig information eller komplettera information som \u00e4r ofullst\u00e4ndig.<\/p>\n\n\n\n<h2 class=\"wp-block-heading\">R\u00e4tten att bli gl\u00f6md<\/h2>\n\n\n\n<p>Du kan beg\u00e4ra att informationen om dig raderas n\u00e4r som helst. Det finns f\u00e5 undantag fr\u00e5n r\u00e4tten till radering, som om den ska beh\u00e5llas eftersom vi m\u00e5ste uppfylla en laglig skyldighet.<\/p>\n\n\n\n<h2 class=\"wp-block-heading\">Ansvarig f\u00f6r dataskydd<\/h2>\n\n\n\n<p>Airmousse \u00e4r ansvarigt f\u00f6r lagringen och behandlingen av personuppgifter i webbutiken och ser till att reglerna f\u00f6ljs.<\/p>\n\n\n\n<h2 class=\"wp-block-heading\">Dataskydd<\/h2>\n\n\n\n<p>Vi anv\u00e4nder branschstandarder som SSL\/TLS och env\u00e4gsalgoritmer f\u00f6r att lagra, behandla och kommunicera k\u00e4nslig information som personuppgifter och l\u00f6senord p\u00e5 ett s\u00e4kert s\u00e4tt.<\/p>\n\n\n\n<h2 class=\"wp-block-heading\">\u00c4ndringar i allm\u00e4nna villkor<\/h2>\n\n\n\n<p>Vi f\u00f6rbeh\u00e5ller oss r\u00e4tten att g\u00f6ra \u00e4ndringar i villkoren n\u00e4r som helst. \u00c4ndringar i villkoren publiceras online p\u00e5 webbplatsen. De \u00e4ndrade villkoren anses accepterade i samband med best\u00e4llningar eller bes\u00f6k p\u00e5 webbplatsen.<\/p>\n\n\n\n<h2 class=\"wp-block-heading\">Tvist och lagval<\/h2>\n\n\n\n<p>Om en tvist inte kan l\u00f6sas i samf\u00f6rst\u00e5nd med f\u00f6retagets kundtj\u00e4nst och kunden kan du som kund v\u00e4nda dig till Allm\u00e4nna reklamationsn\u00e4mnden, se arn.se. F\u00f6r boende i ett EU-land annat \u00e4n Sverige kan klagom\u00e5l l\u00e4mnas in online via Europeiska kommissionens plattform f\u00f6r tvistl\u00f6sning, se http:\/\/ec.europa.eu\/consumers\/odr.<\/p>\n\n\n\n<p>Vid en tvist f\u00f6ljer vi beslut fr\u00e5n ARN.<\/p>\n\n\n\n<p>Tvister r\u00f6rande tolkningen eller till\u00e4mpningen av dessa allm\u00e4nna villkor tolkas i enlighet med svensk lag.<\/p>\n\n\n\n<h2 class=\"wp-block-heading\">Information om cookies<\/h2>\n\n\n\n<p>Enligt lagen om digital information m\u00e5ste bes\u00f6kare p\u00e5 en webbplats f\u00f6r integritetssk\u00e4l informeras om att cookies anv\u00e4nds. Informationen i cookien kan anv\u00e4ndas f\u00f6r att sp\u00e5ra en anv\u00e4ndares surfning. En cookie \u00e4r en liten textfil som webbplatsen du bes\u00f6ker beg\u00e4r att f\u00e5 sparas p\u00e5 din dator f\u00f6r att ge \u00e5tkomst till olika funktioner. Du kan st\u00e4lla in din webbl\u00e4sare s\u00e5 att den automatiskt nekar cookies.<\/p>\n\n\n\n<h2 class=\"wp-block-heading\">Kontakt<\/h2>\n\n\n\n<p>Eventuella fr\u00e5gor kan skickas till oss p\u00e5 info@airmousse.com.<\/p>\n<\/div>\n<\/div><\/section>\n","protected":false},"excerpt":{"rendered":"","protected":false},"author":1,"featured_media":0,"parent":74,"menu_order":0,"comment_status":"closed","ping_status":"closed","template":"","meta":{"_acf_changed":false,"footnotes":""},"class_list":["post-3","page","type-page","status-publish","hentry"],"acf":[],"_links":{"self":[{"href":"https:\/\/airmousse.com\/sv\/wp-json\/wp\/v2\/pages\/3","targetHints":{"allow":["GET"]}}],"collection":[{"href":"https:\/\/airmousse.com\/sv\/wp-json\/wp\/v2\/pages"}],"about":[{"href":"https:\/\/airmousse.com\/sv\/wp-json\/wp\/v2\/types\/page"}],"author":[{"embeddable":true,"href":"https:\/\/airmousse.com\/sv\/wp-json\/wp\/v2\/users\/1"}],"replies":[{"embeddable":true,"href":"https:\/\/airmousse.com\/sv\/wp-json\/wp\/v2\/comments?post=3"}],"version-history":[{"count":0,"href":"https:\/\/airmousse.com\/sv\/wp-json\/wp\/v2\/pages\/3\/revisions"}],"up":[{"embeddable":true,"href":"https:\/\/airmousse.com\/sv\/wp-json\/wp\/v2\/pages\/74"}],"wp:attachment":[{"href":"https:\/\/airmousse.com\/sv\/wp-json\/wp\/v2\/media?parent=3"}],"curies":[{"name":"wp","href":"https:\/\/api.w.org\/{rel}","templated":true}]}}