{"id":74,"date":"2024-07-02T08:21:25","date_gmt":"2024-07-02T08:21:25","guid":{"rendered":"https:\/\/airmousse.com\/?page_id=74"},"modified":"2024-07-03T14:52:13","modified_gmt":"2024-07-03T12:52:13","slug":"kundtjanst","status":"publish","type":"page","link":"https:\/\/airmousse.com\/sv\/kundtjanst\/","title":{"rendered":"Kundtj\u00e4nst"},"content":{"rendered":"\n<section class=\"qt-section container-s\"><div class=\"qt-section__inner grid grid-col-1\">\n<div class=\"qt-container\">\n<h1 class=\"wp-block-heading\">Kontakta oss<\/h1>\n\n\n\n        <div class=\"wp-block-buttons\">\n            <div class=\"wp-block-button is-style-secondary is-active\">\n                    <a href=\"https:\/\/airmousse.com\/sv\/kundtjanst\/\" class=\"wp-block-button__link\">Kontakta oss<\/a>\n                <\/div>\n                            <div class=\"wp-block-button is-style-secondary \">\n                    <a href=\"https:\/\/airmousse.com\/sv\/kundtjanst\/faq\/\" class=\"wp-block-button__link\">FAQ<\/a>\n                <\/div>\n                            <div class=\"wp-block-button is-style-secondary \">\n                    <a href=\"https:\/\/airmousse.com\/sv\/kundtjanst\/integritetspolicy\/\" class=\"wp-block-button__link\">Integritetspolicy<\/a>\n                <\/div>\n                            <div class=\"wp-block-button is-style-secondary \">\n                    <a href=\"https:\/\/airmousse.com\/sv\/kundtjanst\/kopvillkor\/\" class=\"wp-block-button__link\">K\u00f6pvillkor<\/a>\n                <\/div>\n                            <div class=\"wp-block-button is-style-secondary \">\n                    <a href=\"https:\/\/airmousse.com\/sv\/kundtjanst\/pick-the-right-mousse-for-your-bike-tire-fitment-guide-airmousse\/\" class=\"wp-block-button__link\">Mousse Maximizer Chart<\/a>\n                <\/div>\n                            <div class=\"wp-block-button is-style-secondary \">\n                    <a href=\"https:\/\/airmousse.com\/sv\/kundtjanst\/youtube\/\" class=\"wp-block-button__link\">YouTube-videos<\/a>\n                <\/div>\n                    <\/div>\n    \n<\/div>\n<\/div><\/section>\n\n\n\n<section class=\"qt-section container-s\"><div class=\"qt-section__inner grid grid-col-1\">\n<div class=\"qt-container\">\n<h2 class=\"wp-block-heading\">Hur kan vi hj\u00e4lpa dig?<\/h2>\n\n\n\n<p>Du \u00e4r alltid v\u00e4lkommen att maila oss p\u00e5<strong>\u00a0<\/strong><a href=\"mailto:info@airmousse.com\">info@airmousse.com<\/a><strong>,<\/strong> eller anv\u00e4nda v\u00e5rt kontaktformul\u00e4r genom att fylla i dina uppgifter nedan.\u00a0<\/p>\n<\/div>\n\n\n\n<div class=\"qt-container\">\n\n<div class=\"wpcf7 no-js\" id=\"wpcf7-f14-o1\" lang=\"sv-SE\" dir=\"ltr\" data-wpcf7-id=\"14\">\n<div class=\"screen-reader-response\"><p role=\"status\" aria-live=\"polite\" aria-atomic=\"true\"><\/p> <ul><\/ul><\/div>\n<form action=\"\/sv\/wp-json\/wp\/v2\/pages\/74#wpcf7-f14-o1\" method=\"post\" class=\"wpcf7-form init\" aria-label=\"Kontaktformul\u00e4r\" novalidate=\"novalidate\" data-status=\"init\">\n<fieldset class=\"hidden-fields-container\"><input type=\"hidden\" name=\"_wpcf7\" value=\"14\" \/><input type=\"hidden\" name=\"_wpcf7_version\" value=\"6.1.5\" \/><input type=\"hidden\" name=\"_wpcf7_locale\" value=\"sv_SE\" \/><input type=\"hidden\" name=\"_wpcf7_unit_tag\" value=\"wpcf7-f14-o1\" \/><input type=\"hidden\" name=\"_wpcf7_container_post\" value=\"0\" \/><input type=\"hidden\" name=\"_wpcf7_posted_data_hash\" value=\"\" \/><input type=\"hidden\" name=\"_wpcf7_recaptcha_response\" value=\"\" \/>\n<\/fieldset>\n<p><label>\u00c4rende<\/label><span class=\"wpcf7-form-control-wrap\" data-name=\"input-subject\"><input size=\"40\" maxlength=\"400\" class=\"wpcf7-form-control wpcf7-text wpcf7-validates-as-required\" aria-required=\"true\" aria-invalid=\"false\" value=\"\" type=\"text\" name=\"input-subject\" \/><\/span>\n<\/p>\n<p><label>F\u00f6r- och efternamn<\/label><span class=\"wpcf7-form-control-wrap\" data-name=\"input-fullname\"><input size=\"40\" maxlength=\"400\" class=\"wpcf7-form-control wpcf7-text wpcf7-validates-as-required\" aria-required=\"true\" aria-invalid=\"false\" value=\"\" type=\"text\" name=\"input-fullname\" \/><\/span>\n<\/p>\n<p><label>E-postadress<\/label><span class=\"wpcf7-form-control-wrap\" data-name=\"input-email\"><input size=\"40\" maxlength=\"400\" class=\"wpcf7-form-control wpcf7-email wpcf7-validates-as-required wpcf7-text wpcf7-validates-as-email\" aria-required=\"true\" aria-invalid=\"false\" value=\"\" type=\"email\" name=\"input-email\" \/><\/span>\n<\/p>\n<p><label>Telefonnummer<\/label><span class=\"wpcf7-form-control-wrap\" data-name=\"input-phone\"><input size=\"40\" maxlength=\"400\" class=\"wpcf7-form-control wpcf7-text wpcf7-validates-as-required\" aria-required=\"true\" aria-invalid=\"false\" value=\"\" type=\"text\" name=\"input-phone\" \/><\/span>\n<\/p>\n<p><label>Meddelande<\/label><span class=\"wpcf7-form-control-wrap\" data-name=\"input-message\"><textarea cols=\"40\" rows=\"6\" maxlength=\"2000\" class=\"wpcf7-form-control wpcf7-textarea wpcf7-validates-as-required\" aria-required=\"true\" aria-invalid=\"false\" name=\"input-message\"><\/textarea><\/span>\n<\/p>\n<p class=\"acceptance\">Genom att fylla i och skicka in detta formul\u00e4r godk\u00e4nner du att Airmousse AB lagrar dina personuppgifter enligt v\u00e5r <a href=\"\/integritetspolicy\/\" rel=\"nofollow noopener\" target=\"_blank\">integritetspolicy<\/a>. Den h\u00e4r sidan \u00e4r skyddad av reCAPTCHA och <a href=\"https:\/\/policies.google.com\/privacy?hl=sv\" rel=\"nofollow noopener\" target=\"_blank\">Googles integritetspolicy<\/a> samt <a href=\"https:\/\/policies.google.com\/terms?hl=sv\" rel=\"nofollow noopener\" target=\"_blank\">villkor<\/a> g\u00e4ller.\n<\/p>\n<div class=\"submit\">\n\t<p><input class=\"wpcf7-form-control wpcf7-submit has-spinner\" type=\"submit\" value=\"Skicka meddelande\" \/>\n\t<\/p>\n<\/div><div class=\"wpcf7-response-output\" aria-hidden=\"true\"><\/div>\n<\/form>\n<\/div>\n\n<\/div>\n<\/div><\/section>\n","protected":false},"excerpt":{"rendered":"","protected":false},"author":1,"featured_media":0,"parent":0,"menu_order":0,"comment_status":"closed","ping_status":"closed","template":"","meta":{"_acf_changed":false,"footnotes":""},"class_list":["post-74","page","type-page","status-publish","hentry"],"acf":[],"_links":{"self":[{"href":"https:\/\/airmousse.com\/sv\/wp-json\/wp\/v2\/pages\/74","targetHints":{"allow":["GET"]}}],"collection":[{"href":"https:\/\/airmousse.com\/sv\/wp-json\/wp\/v2\/pages"}],"about":[{"href":"https:\/\/airmousse.com\/sv\/wp-json\/wp\/v2\/types\/page"}],"author":[{"embeddable":true,"href":"https:\/\/airmousse.com\/sv\/wp-json\/wp\/v2\/users\/1"}],"replies":[{"embeddable":true,"href":"https:\/\/airmousse.com\/sv\/wp-json\/wp\/v2\/comments?post=74"}],"version-history":[{"count":0,"href":"https:\/\/airmousse.com\/sv\/wp-json\/wp\/v2\/pages\/74\/revisions"}],"wp:attachment":[{"href":"https:\/\/airmousse.com\/sv\/wp-json\/wp\/v2\/media?parent=74"}],"curies":[{"name":"wp","href":"https:\/\/api.w.org\/{rel}","templated":true}]}}