{"id":1794,"date":"2026-02-13T11:21:41","date_gmt":"2026-02-13T10:21:41","guid":{"rendered":"https:\/\/airmousse.com\/?post_type=product&#038;p=1794"},"modified":"2026-04-03T22:36:51","modified_gmt":"2026-04-03T20:36:51","slug":"friction-shield-gel-1-kilo","status":"publish","type":"product","link":"https:\/\/airmousse.com\/sv\/produkt\/friction-shield-gel-1-kilo\/","title":{"rendered":"Friction Shield GEL 1 kilo"},"content":{"rendered":"<ul>\n<li>Extra tr\u00f6gflytande formula<\/li>\n<li>\u00d6verl\u00e4gsen vidh\u00e4ftning<\/li>\n<li> Minimal friktion<\/li>\n<li>Reducerad v\u00e4rmeutveckling<\/li>\n<li>L\u00e4ngre livsl\u00e4ngd p\u00e5 moussen<\/li>\n<li>J\u00e4mnare k\u00e4nsla i d\u00e4cket<\/li>\n<li>Maximal prestanda<\/li>\n<\/ul>\n<p><strong>Friction Shield Gel \u2013 Premium moussegel f\u00f6r enduro &amp; motocross<\/strong><br \/>Friction Shield Gel \u00e4r utvecklad f\u00f6r f\u00f6rare som pressar materialet till max. Den extra tr\u00f6gflytande formulan ger \u00f6verl\u00e4gsen vidh\u00e4ftning p\u00e5 moussen, minimerar friktion och motverkar v\u00e4rmeuppbyggnad \u2013 \u00e4ven vid h\u00e5rd k\u00f6rning och l\u00e5ngvariga pass.<\/p>\n<p>Resultatet? L\u00e4ngre livsl\u00e4ngd p\u00e5 moussen, j\u00e4mnare d\u00e4ckk\u00e4nsla och maximal prestanda i alla typer av terr\u00e4ng. Passar b\u00e5de amat\u00f6rer och proffs och \u00e4r perfekt f\u00f6r dig som kr\u00e4ver p\u00e5litlig funktion n\u00e4r det verkligen g\u00e4ller.<\/p>\n","protected":false},"excerpt":{"rendered":"<ul>\n<li>Extra tr\u00f6gflytande formula<\/li>\n<li>\u00d6verl\u00e4gsen vidh\u00e4ftning<\/li>\n<li> Minimal friktion<\/li>\n<li>Reducerad v\u00e4rmeutveckling<\/li>\n<li>L\u00e4ngre livsl\u00e4ngd p\u00e5 moussen<\/li>\n<li>J\u00e4mnare k\u00e4nsla i d\u00e4cket<\/li>\n<li>Maximal prestanda<\/li>\n<\/ul>\n<p><\/p>\n","protected":false},"featured_media":1811,"comment_status":"closed","ping_status":"closed","template":"","meta":{"_acf_changed":false},"product_brand":[],"product_cat":[30,32],"product_tag":[362],"class_list":{"0":"post-1794","1":"product","2":"type-product","3":"status-publish","4":"has-post-thumbnail","6":"product_cat-mx-och-enduro-mousse","7":"product_cat-tillbehor","8":"product_tag-buy-2-get-1","10":"first","11":"instock","12":"taxable","13":"shipping-taxable","14":"purchasable","15":"product-type-simple"},"acf":[],"_links":{"self":[{"href":"https:\/\/airmousse.com\/sv\/wp-json\/wp\/v2\/product\/1794","targetHints":{"allow":["GET"]}}],"collection":[{"href":"https:\/\/airmousse.com\/sv\/wp-json\/wp\/v2\/product"}],"about":[{"href":"https:\/\/airmousse.com\/sv\/wp-json\/wp\/v2\/types\/product"}],"replies":[{"embeddable":true,"href":"https:\/\/airmousse.com\/sv\/wp-json\/wp\/v2\/comments?post=1794"}],"wp:featuredmedia":[{"embeddable":true,"href":"https:\/\/airmousse.com\/sv\/wp-json\/wp\/v2\/media\/1811"}],"wp:attachment":[{"href":"https:\/\/airmousse.com\/sv\/wp-json\/wp\/v2\/media?parent=1794"}],"wp:term":[{"taxonomy":"product_brand","embeddable":true,"href":"https:\/\/airmousse.com\/sv\/wp-json\/wp\/v2\/product_brand?post=1794"},{"taxonomy":"product_cat","embeddable":true,"href":"https:\/\/airmousse.com\/sv\/wp-json\/wp\/v2\/product_cat?post=1794"},{"taxonomy":"product_tag","embeddable":true,"href":"https:\/\/airmousse.com\/sv\/wp-json\/wp\/v2\/product_tag?post=1794"}],"curies":[{"name":"wp","href":"https:\/\/api.w.org\/{rel}","templated":true}]}}