{"id":762,"date":"2025-04-03T14:20:29","date_gmt":"2025-04-03T12:20:29","guid":{"rendered":"https:\/\/airmousse.com\/?post_type=product&#038;p=762"},"modified":"2026-04-11T07:45:13","modified_gmt":"2026-04-11T05:45:13","slug":"dackventil-specialdesignad-65-mm-2-pack","status":"publish","type":"product","link":"https:\/\/airmousse.com\/sv\/produkt\/dackventil-specialdesignad-65-mm-2-pack\/","title":{"rendered":"D\u00e4ckventil Specialdesignad 65 mm 2-pack"},"content":{"rendered":"","protected":false},"excerpt":{"rendered":"<p>Specialdesignade (65mm) Airmousse d\u00e4ckventiler. Luften separeras genom ventilens sidor och skapar ett j\u00e4mnt luftfl\u00f6de. Enkel installation. S\u00e4ljes parvis.<\/p>\n","protected":false},"featured_media":860,"comment_status":"closed","ping_status":"closed","template":"","meta":{"_acf_changed":false},"product_brand":[],"product_cat":[32],"product_tag":[],"class_list":{"0":"post-762","1":"product","2":"type-product","3":"status-publish","4":"has-post-thumbnail","6":"product_cat-tillbehor","8":"first","9":"instock","10":"taxable","11":"shipping-taxable","12":"purchasable","13":"product-type-simple"},"acf":[],"_links":{"self":[{"href":"https:\/\/airmousse.com\/sv\/wp-json\/wp\/v2\/product\/762","targetHints":{"allow":["GET"]}}],"collection":[{"href":"https:\/\/airmousse.com\/sv\/wp-json\/wp\/v2\/product"}],"about":[{"href":"https:\/\/airmousse.com\/sv\/wp-json\/wp\/v2\/types\/product"}],"replies":[{"embeddable":true,"href":"https:\/\/airmousse.com\/sv\/wp-json\/wp\/v2\/comments?post=762"}],"wp:featuredmedia":[{"embeddable":true,"href":"https:\/\/airmousse.com\/sv\/wp-json\/wp\/v2\/media\/860"}],"wp:attachment":[{"href":"https:\/\/airmousse.com\/sv\/wp-json\/wp\/v2\/media?parent=762"}],"wp:term":[{"taxonomy":"product_brand","embeddable":true,"href":"https:\/\/airmousse.com\/sv\/wp-json\/wp\/v2\/product_brand?post=762"},{"taxonomy":"product_cat","embeddable":true,"href":"https:\/\/airmousse.com\/sv\/wp-json\/wp\/v2\/product_cat?post=762"},{"taxonomy":"product_tag","embeddable":true,"href":"https:\/\/airmousse.com\/sv\/wp-json\/wp\/v2\/product_tag?post=762"}],"curies":[{"name":"wp","href":"https:\/\/api.w.org\/{rel}","templated":true}]}}