{"id":769,"date":"2025-04-03T14:20:31","date_gmt":"2025-04-03T12:20:31","guid":{"rendered":"https:\/\/airmousse.com\/?post_type=product&#038;p=769"},"modified":"2026-04-11T07:03:21","modified_gmt":"2026-04-11T05:03:21","slug":"mossa","status":"publish","type":"product","link":"https:\/\/airmousse.com\/sv\/produkt\/mossa\/","title":{"rendered":"M\u00f6ssa"},"content":{"rendered":"","protected":false},"excerpt":{"rendered":"<p>Bli en del av Airmousse teamet! Airmousse teamkl\u00e4der f\u00f6r amat\u00f6rer och proffs\u00e5kare<\/p>\n","protected":false},"featured_media":1467,"comment_status":"closed","ping_status":"closed","template":"","meta":{"_acf_changed":false},"product_brand":[],"product_cat":[33],"product_tag":[],"class_list":{"0":"post-769","1":"product","2":"type-product","3":"status-publish","4":"has-post-thumbnail","6":"product_cat-klader","8":"first","9":"instock","10":"taxable","11":"shipping-taxable","12":"purchasable","13":"product-type-simple"},"acf":[],"_links":{"self":[{"href":"https:\/\/airmousse.com\/sv\/wp-json\/wp\/v2\/product\/769","targetHints":{"allow":["GET"]}}],"collection":[{"href":"https:\/\/airmousse.com\/sv\/wp-json\/wp\/v2\/product"}],"about":[{"href":"https:\/\/airmousse.com\/sv\/wp-json\/wp\/v2\/types\/product"}],"replies":[{"embeddable":true,"href":"https:\/\/airmousse.com\/sv\/wp-json\/wp\/v2\/comments?post=769"}],"wp:featuredmedia":[{"embeddable":true,"href":"https:\/\/airmousse.com\/sv\/wp-json\/wp\/v2\/media\/1467"}],"wp:attachment":[{"href":"https:\/\/airmousse.com\/sv\/wp-json\/wp\/v2\/media?parent=769"}],"wp:term":[{"taxonomy":"product_brand","embeddable":true,"href":"https:\/\/airmousse.com\/sv\/wp-json\/wp\/v2\/product_brand?post=769"},{"taxonomy":"product_cat","embeddable":true,"href":"https:\/\/airmousse.com\/sv\/wp-json\/wp\/v2\/product_cat?post=769"},{"taxonomy":"product_tag","embeddable":true,"href":"https:\/\/airmousse.com\/sv\/wp-json\/wp\/v2\/product_tag?post=769"}],"curies":[{"name":"wp","href":"https:\/\/api.w.org\/{rel}","templated":true}]}}