{"id":772,"date":"2025-04-03T14:20:32","date_gmt":"2025-04-03T12:20:32","guid":{"rendered":"https:\/\/airmousse.com\/?post_type=product&#038;p=772"},"modified":"2026-04-11T07:03:20","modified_gmt":"2026-04-11T05:03:20","slug":"keps","status":"publish","type":"product","link":"https:\/\/airmousse.com\/sv\/produkt\/keps\/","title":{"rendered":"Keps"},"content":{"rendered":"","protected":false},"excerpt":{"rendered":"<p>Bli en del av Airmousseteamet! Airmoussekepsen garanterar dig en cool look, snapback-justering, kylande mesh-rygg. L\u00e5t v\u00e4rlden veta att Airmousse hj\u00e4lpte dig till pallen! Vinn, f\u00f6rst\u00e4rk ditt egna varum\u00e4rke och bli god en ambassad\u00f6r<\/p>\n","protected":false},"featured_media":1463,"comment_status":"closed","ping_status":"closed","template":"","meta":{"_acf_changed":false},"product_brand":[],"product_cat":[33],"product_tag":[],"class_list":{"0":"post-772","1":"product","2":"type-product","3":"status-publish","4":"has-post-thumbnail","6":"product_cat-klader","8":"first","9":"instock","10":"taxable","11":"shipping-taxable","12":"purchasable","13":"product-type-simple"},"acf":[],"_links":{"self":[{"href":"https:\/\/airmousse.com\/sv\/wp-json\/wp\/v2\/product\/772","targetHints":{"allow":["GET"]}}],"collection":[{"href":"https:\/\/airmousse.com\/sv\/wp-json\/wp\/v2\/product"}],"about":[{"href":"https:\/\/airmousse.com\/sv\/wp-json\/wp\/v2\/types\/product"}],"replies":[{"embeddable":true,"href":"https:\/\/airmousse.com\/sv\/wp-json\/wp\/v2\/comments?post=772"}],"wp:featuredmedia":[{"embeddable":true,"href":"https:\/\/airmousse.com\/sv\/wp-json\/wp\/v2\/media\/1463"}],"wp:attachment":[{"href":"https:\/\/airmousse.com\/sv\/wp-json\/wp\/v2\/media?parent=772"}],"wp:term":[{"taxonomy":"product_brand","embeddable":true,"href":"https:\/\/airmousse.com\/sv\/wp-json\/wp\/v2\/product_brand?post=772"},{"taxonomy":"product_cat","embeddable":true,"href":"https:\/\/airmousse.com\/sv\/wp-json\/wp\/v2\/product_cat?post=772"},{"taxonomy":"product_tag","embeddable":true,"href":"https:\/\/airmousse.com\/sv\/wp-json\/wp\/v2\/product_tag?post=772"}],"curies":[{"name":"wp","href":"https:\/\/api.w.org\/{rel}","templated":true}]}}